{"id":1556,"date":"2023-09-27T11:06:03","date_gmt":"2023-09-27T09:06:03","guid":{"rendered":"https:\/\/www.campingletastesoule.fr\/campsite-entertainment-vensac\/"},"modified":"2023-09-27T14:41:04","modified_gmt":"2023-09-27T12:41:04","slug":"campsite-entertainment-vensac","status":"publish","type":"page","link":"https:\/\/www.campingletastesoule.fr\/en\/campsite-entertainment-vensac\/","title":{"rendered":"Entertainment and kids&#8217; club"},"content":{"rendered":"<section id=\"ls-section-block_5945ec4eb1d7c9dc3a1fa379abbb5ca0\" class=\"ls-section  home-piscine-familial first page-one\" >\n        <div class=\"container container--full\">\n        \n\n<h1 class=\"ls__heading wp-block-heading has-text-align-center\">Entertainment for all at the Gironde campsite<\/h1>\n\n\n\n<p class=\"ls-paragraph has-text-align-center\">Au <a href=\"https:\/\/www.campingletastesoule.fr\/en\/\">camping Le Tastesoule pr\u00e8s de Montalivet<\/a>, tout a \u00e9t\u00e9 pens\u00e9 pour que vous puissiez d\u00e9compresser et vous d\u00e9tendre.<\/p>\n\n\n\n<p class=\"ls-paragraph has-text-align-center\">Our <strong>kids&#8217; and teens&#8217; club leaders<\/strong> compete in imagination to offer your pitchouns supervised activities adapted to their age, so that they&#8217;ll have unforgettable memories of their camping vacations.<\/p>\n\n\n\n<div class=\"wp-block-columns first is-layout-flex wp-container-core-columns-is-layout-9d6595d7 wp-block-columns-is-layout-flex\">\n<div class=\"wp-block-column left is-layout-flow wp-block-column-is-layout-flow\">\n<figure class=\"wp-block-gallery has-nested-images columns-default is-cropped animated fadeInLeft delay-100ms slow wp-block-gallery-1 is-layout-flex wp-block-gallery-is-layout-flex\">\n<figure class=\"wp-block-image size-full left\"><a href=\"https:\/\/www.campingletastesoule.fr\/wp-content\/uploads\/2023\/09\/mini-club-enfants-tastesoule.jpg\"><img decoding=\"async\" width=\"560\" height=\"800\" data-id=\"1380\" src=\"https:\/\/www.campingletastesoule.fr\/wp-content\/uploads\/2023\/09\/mini-club-enfants-tastesoule.jpg\" alt=\"children's mini club tastesoule\" class=\"wp-image-1380\" srcset=\"https:\/\/www.campingletastesoule.fr\/wp-content\/uploads\/2023\/09\/mini-club-enfants-tastesoule.jpg 560w, https:\/\/www.campingletastesoule.fr\/wp-content\/uploads\/2023\/09\/mini-club-enfants-tastesoule-210x300.jpg 210w\" sizes=\"(max-width: 560px) 100vw, 560px\" \/><\/a><\/figure>\n\n\n\n<figure class=\"wp-block-image size-full\"><a href=\"https:\/\/www.campingletastesoule.fr\/wp-content\/uploads\/2023\/09\/animation-ado-camping-paradis-tastesoule.jpg\"><img decoding=\"async\" width=\"585\" height=\"900\" data-id=\"667\" src=\"https:\/\/www.campingletastesoule.fr\/wp-content\/uploads\/2023\/09\/animation-ado-camping-paradis-tastesoule.jpg\" alt=\"animation ado camping paradis tastesoule\" class=\"wp-image-667\" srcset=\"https:\/\/www.campingletastesoule.fr\/wp-content\/uploads\/2023\/09\/animation-ado-camping-paradis-tastesoule.jpg 585w, https:\/\/www.campingletastesoule.fr\/wp-content\/uploads\/2023\/09\/animation-ado-camping-paradis-tastesoule-195x300.jpg 195w\" sizes=\"(max-width: 585px) 100vw, 585px\" \/><\/a><\/figure>\n<\/figure>\n<\/div>\n\n\n\n<div class=\"wp-block-column is-vertically-aligned-center right is-layout-flow wp-block-column-is-layout-flow\">\n<h2 class=\"ls__heading wp-block-heading\">The campsite&#8217;s kids&#8217; club will keep your little ones entertained<\/h2>\n\n\n\n<p class=\"ls-paragraph\">Every day of the week in July\/August, your children can take part in creative activities, outdoor games, mini-disco&#8230; And <strong>meet Piki<\/strong>, our mascot.<\/p>\n\n\n\n<h2 class=\"ls__heading wp-block-heading\">The teen club near Montalivet<\/h2>\n\n\n\n<p class=\"ls-paragraph\">Every day of the week in July\/August.<\/p>\n\n\n\n<p class=\"ls-paragraph\">As soon as you arrive, our entertainers set the tone and organize<strong> teens&#8217; get-togethers <\/strong>to help them get to know each other and forge links. Tournaments, sports activities, board games&#8230;<\/p>\n<\/div>\n<\/div>\n\n\n    <\/div>\n<\/section><section id=\"ls-section-block_ec430d952064046f74036b8db11febd4\" class=\"ls-section  page-two has-background-image has-p-t p-t-20 has-p-b p-b-20\" >\n    <div class=\"ls-section__background-image opacity-100\"><img decoding=\"async\" src=\"https:\/\/www.campingletastesoule.fr\/wp-content\/uploads\/2023\/09\/activites-sportives-camping-montalivet.jpg\" alt=\"sports activities camping montalivet\"><\/div>    <div class=\"container container--full\">\n        \n\n<div class=\"wp-block-columns is-layout-flex wp-container-core-columns-is-layout-9d6595d7 wp-block-columns-is-layout-flex\">\n<div class=\"wp-block-column animated fadeInLeft is-layout-flow wp-block-column-is-layout-flow\">\n<h2 class=\"ls__heading wp-block-heading has-text-align-left\">Campsite with family entertainment in Gironde<\/h2>\n\n\n\n<p class=\"ls-paragraph\"><strong>Daytime entertainment<\/strong>, <strong>evening entertainment<\/strong>, relaxing vacations in the M\u00e9doc<\/p>\n\n\n\n<p class=\"ls-paragraph\">Every week, our entertainers set the mood and offer you a varied program of entertainment and activities at the campsite.<\/p>\n\n\n\n<p class=\"ls-paragraph\"><strong>Sports and fun tournaments<\/strong>, themed evenings, games, aquatic activities, concerts&#8230; let yourself be surprised and indulge.<\/p>\n<\/div>\n\n\n\n<div class=\"wp-block-column animated fadeInUp delay-200ms slow is-layout-flow wp-block-column-is-layout-flow\"><\/div>\n<\/div>\n\n\n    <\/div>\n<\/section><section id=\"ls-section-block_d9cbf354aa9b14b93c0844b907760afe\" class=\"ls-section  home-piscine-familial first page-three\" >\n        <div class=\"container container--full\">\n        \n\n<div class=\"wp-block-columns first is-layout-flex wp-container-core-columns-is-layout-9d6595d7 wp-block-columns-is-layout-flex\">\n<div class=\"wp-block-column is-vertically-aligned-center left is-layout-flow wp-block-column-is-layout-flow\">\n<h2 class=\"ls__heading wp-block-heading\">Theme evenings at the campsite<\/h2>\n\n\n\n<p class=\"ls-paragraph\">Because successful vacations also mean<strong> memorable evenings<\/strong>, our entertainers and <strong>local entertainment professionals<\/strong> offer a <strong>rich and varied program of entertainment <\/strong>to liven up your summer evenings.<\/p>\n\n\n\n<p class=\"ls-paragraph\">Blind test, karaoke, transformist, mini-disco, concert, foam party, games&#8230; At the aperitif, over a good meal at the restaurant or &#8220;till the end of the night&#8221;, with family, neighbors or friends, old or new, experience moments rich in emotion that will remain engraved in your memories.<\/p>\n\n\n\n<p class=\"ls-paragraph\">Find out more about <strong>our program of events<\/strong>every Sunday evening at the <strong>welcome drink<\/strong>.<\/p>\n\n\n\n<h2 class=\"ls__heading wp-block-heading\">Entertainment with le paradis des Stars in Gironde<\/h2>\n\n\n\n<p class=\"ls-paragraph\">This summer, Camping Paradis plunges you into the<strong>world of &#8220;Paradis des Stars&#8221;<\/strong>, a not-to-be-missed event for music and show lovers. Experience unforgettable moments in the company of celebrities from the worlds of song, television and show business.  <\/p>\n\n\n\n<p class=\"ls-paragraph\">The program includes concerts, meetings and memorable evenings, all in a friendly, caring atmosphere.  <\/p>\n<\/div>\n\n\n\n<div class=\"wp-block-column right is-layout-flow wp-block-column-is-layout-flow\">\n<figure class=\"wp-block-gallery has-nested-images columns-default is-cropped animated fadeInRight delay-100ms slow wp-block-gallery-2 is-layout-flex wp-block-gallery-is-layout-flex\">\n<figure class=\"wp-block-image size-full\"><a href=\"https:\/\/www.campingletastesoule.fr\/wp-content\/uploads\/2023\/09\/soiree-mousse-camping-tastesoule.jpg\"><img decoding=\"async\" width=\"560\" height=\"800\" data-id=\"1374\" src=\"https:\/\/www.campingletastesoule.fr\/wp-content\/uploads\/2023\/09\/soiree-mousse-camping-tastesoule.jpg\" alt=\"soiree mousse camping tastesoule\" class=\"wp-image-1374\" srcset=\"https:\/\/www.campingletastesoule.fr\/wp-content\/uploads\/2023\/09\/soiree-mousse-camping-tastesoule.jpg 560w, https:\/\/www.campingletastesoule.fr\/wp-content\/uploads\/2023\/09\/soiree-mousse-camping-tastesoule-210x300.jpg 210w\" sizes=\"(max-width: 560px) 100vw, 560px\" \/><\/a><\/figure>\n\n\n\n<figure class=\"wp-block-image size-full right\"><a href=\"https:\/\/www.campingletastesoule.fr\/wp-content\/uploads\/2023\/09\/paradis-des-atrs-camping-paradis-tastesoule.jpg\"><img decoding=\"async\" width=\"585\" height=\"900\" data-id=\"650\" src=\"https:\/\/www.campingletastesoule.fr\/wp-content\/uploads\/2023\/09\/paradis-des-atrs-camping-paradis-tastesoule.jpg\" alt=\"paradis des atrs camping paradis tastesoule\" class=\"wp-image-650\" srcset=\"https:\/\/www.campingletastesoule.fr\/wp-content\/uploads\/2023\/09\/paradis-des-atrs-camping-paradis-tastesoule.jpg 585w, https:\/\/www.campingletastesoule.fr\/wp-content\/uploads\/2023\/09\/paradis-des-atrs-camping-paradis-tastesoule-195x300.jpg 195w\" sizes=\"(max-width: 585px) 100vw, 585px\" \/><\/a><\/figure>\n<\/figure>\n<\/div>\n<\/div>\n\n\n    <\/div>\n<\/section><section id=\"ls-section-block_7a4a4cfb97344b1560f1aa04515270ad\" class=\"ls-section  page-maillage\" >\n        <div class=\"container container--wide\">\n        \n\n<div id=\"ls-heading ls-titre-div-block_e698f70402af0673185eaefa7d1b410f\" class=\"ls-titre-div h2-like\" >\n    Discover our activities, services and rentals<\/div>\n\n\n<div id=\"ls-maillage-block_5dc51649f74b5ceb9abfdf54633e8188\" class=\"ls-maillage cta-style-normal\" data-rows=\"3\">\n    <div class=\"wp-block-columns\"><div class=\"wp-block-column\">\n\n<a href=\"https:\/\/www.campingletastesoule.fr\/en\/rent-mobile-home-vensac\/\" target=\"\" rel=\"noopener\" class=\"ls-cta__link\">\n\n\t<div class=\"ls-cta__image\"><img decoding=\"async\" src=\"https:\/\/www.campingletastesoule.fr\/wp-content\/uploads\/2023\/09\/location-mobil-home-gironde.jpg\" alt=\"mobile home rental gironde\"><\/div>\n\t<div class=\"ls-cta__title\">\n\t\tRentals\t<\/div>\n\n\t\t\n<\/a><\/div><div class=\"wp-block-column\">\n\n<a href=\"https:\/\/www.campingletastesoule.fr\/en\/campsite-activities-vensac\/\" target=\"\" rel=\"noopener\" class=\"ls-cta__link\">\n\n\t<div class=\"ls-cta__image\"><img decoding=\"async\" src=\"https:\/\/www.campingletastesoule.fr\/wp-content\/uploads\/2023\/09\/jeux-de-societe-camping-tastesoule-gironde.jpg\" alt=\"board games camping tastesoule gironde\"><\/div>\n\t<div class=\"ls-cta__title\">\n\t\tGames and sports\t<\/div>\n\n\t\t\n<\/a><\/div><div class=\"wp-block-column\">\n\n<a href=\"https:\/\/www.campingletastesoule.fr\/en\/family-campsite-vensac\/\" target=\"\" rel=\"noopener\" class=\"ls-cta__link\">\n\n\t<div class=\"ls-cta__image\"><img decoding=\"async\" src=\"https:\/\/www.campingletastesoule.fr\/wp-content\/uploads\/2023\/09\/services-de-qualite-camping-montalivet.jpg\" alt=\"quality services camping montalivet\"><\/div>\n\t<div class=\"ls-cta__title\">\n\t\tServices\t<\/div>\n\n\t\t\n<\/a><\/div><\/div><\/div>\n\n    <\/div>\n<\/section>","protected":false},"excerpt":{"rendered":"","protected":false},"author":1,"featured_media":676,"parent":0,"menu_order":0,"comment_status":"closed","ping_status":"closed","template":"","meta":{"_acf_changed":false,"footnotes":""},"sujet":[],"class_list":["post-1556","page","type-page","status-publish","has-post-thumbnail","hentry"],"acf":[],"yoast_head":"<!-- This site is optimized with the Yoast SEO plugin v25.3 - https:\/\/yoast.com\/wordpress\/plugins\/seo\/ -->\n<title>Animations camping Montalivet | Camping evening entertainment Gironde<\/title>\n<meta name=\"description\" content=\"Discover the campsite&#039;s evening and daytime entertainment, for adults and children alike.\" \/>\n<meta name=\"robots\" content=\"index, follow, max-snippet:-1, max-image-preview:large, max-video-preview:-1\" \/>\n<link rel=\"canonical\" href=\"https:\/\/www.campingletastesoule.fr\/en\/campsite-entertainment-vensac\/\" \/>\n<meta property=\"og:locale\" content=\"en_US\" \/>\n<meta property=\"og:type\" content=\"article\" \/>\n<meta property=\"og:title\" content=\"Animations camping Montalivet | Camping evening entertainment Gironde\" \/>\n<meta property=\"og:description\" content=\"Discover the campsite&#039;s evening and daytime entertainment, for adults and children alike.\" \/>\n<meta property=\"og:url\" content=\"https:\/\/www.campingletastesoule.fr\/en\/campsite-entertainment-vensac\/\" \/>\n<meta property=\"og:site_name\" content=\"Camping Le Tastesoule\" \/>\n<meta property=\"article:modified_time\" content=\"2023-09-27T12:41:04+00:00\" \/>\n<meta property=\"og:image\" content=\"https:\/\/www.campingletastesoule.fr\/wp-content\/uploads\/2023\/09\/equipe-animation-camping-paradis-tastesoule.jpg\" \/>\n\t<meta property=\"og:image:width\" content=\"1920\" \/>\n\t<meta property=\"og:image:height\" content=\"550\" \/>\n\t<meta property=\"og:image:type\" content=\"image\/jpeg\" \/>\n<meta name=\"twitter:card\" content=\"summary_large_image\" \/>\n<meta name=\"twitter:label1\" content=\"Est. reading time\" \/>\n\t<meta name=\"twitter:data1\" content=\"2 minutes\" \/>\n<script type=\"application\/ld+json\" class=\"yoast-schema-graph\">{\"@context\":\"https:\/\/schema.org\",\"@graph\":[{\"@type\":\"WebPage\",\"@id\":\"https:\/\/www.campingletastesoule.fr\/en\/campsite-entertainment-vensac\/\",\"url\":\"https:\/\/www.campingletastesoule.fr\/en\/campsite-entertainment-vensac\/\",\"name\":\"Animations camping Montalivet | Camping evening entertainment Gironde\",\"isPartOf\":{\"@id\":\"https:\/\/www.campingletastesoule.fr\/#website\"},\"primaryImageOfPage\":{\"@id\":\"https:\/\/www.campingletastesoule.fr\/en\/campsite-entertainment-vensac\/#primaryimage\"},\"image\":{\"@id\":\"https:\/\/www.campingletastesoule.fr\/en\/campsite-entertainment-vensac\/#primaryimage\"},\"thumbnailUrl\":\"https:\/\/www.campingletastesoule.fr\/wp-content\/uploads\/2023\/09\/equipe-animation-camping-paradis-tastesoule.jpg\",\"datePublished\":\"2023-09-27T09:06:03+00:00\",\"dateModified\":\"2023-09-27T12:41:04+00:00\",\"description\":\"Discover the campsite's evening and daytime entertainment, for adults and children alike.\",\"breadcrumb\":{\"@id\":\"https:\/\/www.campingletastesoule.fr\/en\/campsite-entertainment-vensac\/#breadcrumb\"},\"inLanguage\":\"en-US\",\"potentialAction\":[{\"@type\":\"ReadAction\",\"target\":[\"https:\/\/www.campingletastesoule.fr\/en\/campsite-entertainment-vensac\/\"]}]},{\"@type\":\"ImageObject\",\"inLanguage\":\"en-US\",\"@id\":\"https:\/\/www.campingletastesoule.fr\/en\/campsite-entertainment-vensac\/#primaryimage\",\"url\":\"https:\/\/www.campingletastesoule.fr\/wp-content\/uploads\/2023\/09\/equipe-animation-camping-paradis-tastesoule.jpg\",\"contentUrl\":\"https:\/\/www.campingletastesoule.fr\/wp-content\/uploads\/2023\/09\/equipe-animation-camping-paradis-tastesoule.jpg\",\"width\":1920,\"height\":550,\"caption\":\"animation team camping paradis tastesoule\"},{\"@type\":\"BreadcrumbList\",\"@id\":\"https:\/\/www.campingletastesoule.fr\/en\/campsite-entertainment-vensac\/#breadcrumb\",\"itemListElement\":[{\"@type\":\"ListItem\",\"position\":1,\"name\":\"Camping Montalivet\",\"item\":\"https:\/\/www.campingletastesoule.fr\/en\/\"},{\"@type\":\"ListItem\",\"position\":2,\"name\":\"Camping with entertainment in Montalivet\"}]},{\"@type\":\"WebSite\",\"@id\":\"https:\/\/www.campingletastesoule.fr\/#website\",\"url\":\"https:\/\/www.campingletastesoule.fr\/\",\"name\":\"Camping Le Tastesoule\",\"description\":\"\",\"publisher\":{\"@id\":\"https:\/\/www.campingletastesoule.fr\/#organization\"},\"potentialAction\":[{\"@type\":\"SearchAction\",\"target\":{\"@type\":\"EntryPoint\",\"urlTemplate\":\"https:\/\/www.campingletastesoule.fr\/?s={search_term_string}\"},\"query-input\":{\"@type\":\"PropertyValueSpecification\",\"valueRequired\":true,\"valueName\":\"search_term_string\"}}],\"inLanguage\":\"en-US\"},{\"@type\":\"Organization\",\"@id\":\"https:\/\/www.campingletastesoule.fr\/#organization\",\"name\":\"Camping Le Tastesoule\",\"url\":\"https:\/\/www.campingletastesoule.fr\/\",\"logo\":{\"@type\":\"ImageObject\",\"inLanguage\":\"en-US\",\"@id\":\"https:\/\/www.campingletastesoule.fr\/#\/schema\/logo\/image\/\",\"url\":\"https:\/\/www.campingletastesoule.fr\/wp-content\/uploads\/2023\/08\/cropped-camping-le-tastesoule.png\",\"contentUrl\":\"https:\/\/www.campingletastesoule.fr\/wp-content\/uploads\/2023\/08\/cropped-camping-le-tastesoule.png\",\"width\":347,\"height\":246,\"caption\":\"Camping Le Tastesoule\"},\"image\":{\"@id\":\"https:\/\/www.campingletastesoule.fr\/#\/schema\/logo\/image\/\"}}]}<\/script>\n<!-- \/ Yoast SEO plugin. -->","yoast_head_json":{"title":"Animations camping Montalivet | Camping evening entertainment Gironde","description":"Discover the campsite's evening and daytime entertainment, for adults and children alike.","robots":{"index":"index","follow":"follow","max-snippet":"max-snippet:-1","max-image-preview":"max-image-preview:large","max-video-preview":"max-video-preview:-1"},"canonical":"https:\/\/www.campingletastesoule.fr\/en\/campsite-entertainment-vensac\/","og_locale":"en_US","og_type":"article","og_title":"Animations camping Montalivet | Camping evening entertainment Gironde","og_description":"Discover the campsite's evening and daytime entertainment, for adults and children alike.","og_url":"https:\/\/www.campingletastesoule.fr\/en\/campsite-entertainment-vensac\/","og_site_name":"Camping Le Tastesoule","article_modified_time":"2023-09-27T12:41:04+00:00","og_image":[{"width":1920,"height":550,"url":"https:\/\/www.campingletastesoule.fr\/wp-content\/uploads\/2023\/09\/equipe-animation-camping-paradis-tastesoule.jpg","type":"image\/jpeg"}],"twitter_card":"summary_large_image","twitter_misc":{"Est. reading time":"2 minutes"},"schema":{"@context":"https:\/\/schema.org","@graph":[{"@type":"WebPage","@id":"https:\/\/www.campingletastesoule.fr\/en\/campsite-entertainment-vensac\/","url":"https:\/\/www.campingletastesoule.fr\/en\/campsite-entertainment-vensac\/","name":"Animations camping Montalivet | Camping evening entertainment Gironde","isPartOf":{"@id":"https:\/\/www.campingletastesoule.fr\/#website"},"primaryImageOfPage":{"@id":"https:\/\/www.campingletastesoule.fr\/en\/campsite-entertainment-vensac\/#primaryimage"},"image":{"@id":"https:\/\/www.campingletastesoule.fr\/en\/campsite-entertainment-vensac\/#primaryimage"},"thumbnailUrl":"https:\/\/www.campingletastesoule.fr\/wp-content\/uploads\/2023\/09\/equipe-animation-camping-paradis-tastesoule.jpg","datePublished":"2023-09-27T09:06:03+00:00","dateModified":"2023-09-27T12:41:04+00:00","description":"Discover the campsite's evening and daytime entertainment, for adults and children alike.","breadcrumb":{"@id":"https:\/\/www.campingletastesoule.fr\/en\/campsite-entertainment-vensac\/#breadcrumb"},"inLanguage":"en-US","potentialAction":[{"@type":"ReadAction","target":["https:\/\/www.campingletastesoule.fr\/en\/campsite-entertainment-vensac\/"]}]},{"@type":"ImageObject","inLanguage":"en-US","@id":"https:\/\/www.campingletastesoule.fr\/en\/campsite-entertainment-vensac\/#primaryimage","url":"https:\/\/www.campingletastesoule.fr\/wp-content\/uploads\/2023\/09\/equipe-animation-camping-paradis-tastesoule.jpg","contentUrl":"https:\/\/www.campingletastesoule.fr\/wp-content\/uploads\/2023\/09\/equipe-animation-camping-paradis-tastesoule.jpg","width":1920,"height":550,"caption":"animation team camping paradis tastesoule"},{"@type":"BreadcrumbList","@id":"https:\/\/www.campingletastesoule.fr\/en\/campsite-entertainment-vensac\/#breadcrumb","itemListElement":[{"@type":"ListItem","position":1,"name":"Camping Montalivet","item":"https:\/\/www.campingletastesoule.fr\/en\/"},{"@type":"ListItem","position":2,"name":"Camping with entertainment in Montalivet"}]},{"@type":"WebSite","@id":"https:\/\/www.campingletastesoule.fr\/#website","url":"https:\/\/www.campingletastesoule.fr\/","name":"Camping Le Tastesoule","description":"","publisher":{"@id":"https:\/\/www.campingletastesoule.fr\/#organization"},"potentialAction":[{"@type":"SearchAction","target":{"@type":"EntryPoint","urlTemplate":"https:\/\/www.campingletastesoule.fr\/?s={search_term_string}"},"query-input":{"@type":"PropertyValueSpecification","valueRequired":true,"valueName":"search_term_string"}}],"inLanguage":"en-US"},{"@type":"Organization","@id":"https:\/\/www.campingletastesoule.fr\/#organization","name":"Camping Le Tastesoule","url":"https:\/\/www.campingletastesoule.fr\/","logo":{"@type":"ImageObject","inLanguage":"en-US","@id":"https:\/\/www.campingletastesoule.fr\/#\/schema\/logo\/image\/","url":"https:\/\/www.campingletastesoule.fr\/wp-content\/uploads\/2023\/08\/cropped-camping-le-tastesoule.png","contentUrl":"https:\/\/www.campingletastesoule.fr\/wp-content\/uploads\/2023\/08\/cropped-camping-le-tastesoule.png","width":347,"height":246,"caption":"Camping Le Tastesoule"},"image":{"@id":"https:\/\/www.campingletastesoule.fr\/#\/schema\/logo\/image\/"}}]}},"_links":{"self":[{"href":"https:\/\/www.campingletastesoule.fr\/en\/wp-json\/wp\/v2\/pages\/1556","targetHints":{"allow":["GET"]}}],"collection":[{"href":"https:\/\/www.campingletastesoule.fr\/en\/wp-json\/wp\/v2\/pages"}],"about":[{"href":"https:\/\/www.campingletastesoule.fr\/en\/wp-json\/wp\/v2\/types\/page"}],"author":[{"embeddable":true,"href":"https:\/\/www.campingletastesoule.fr\/en\/wp-json\/wp\/v2\/users\/1"}],"replies":[{"embeddable":true,"href":"https:\/\/www.campingletastesoule.fr\/en\/wp-json\/wp\/v2\/comments?post=1556"}],"version-history":[{"count":5,"href":"https:\/\/www.campingletastesoule.fr\/en\/wp-json\/wp\/v2\/pages\/1556\/revisions"}],"predecessor-version":[{"id":1669,"href":"https:\/\/www.campingletastesoule.fr\/en\/wp-json\/wp\/v2\/pages\/1556\/revisions\/1669"}],"wp:featuredmedia":[{"embeddable":true,"href":"https:\/\/www.campingletastesoule.fr\/en\/wp-json\/wp\/v2\/media\/676"}],"wp:attachment":[{"href":"https:\/\/www.campingletastesoule.fr\/en\/wp-json\/wp\/v2\/media?parent=1556"}],"wp:term":[{"taxonomy":"sujet","embeddable":true,"href":"https:\/\/www.campingletastesoule.fr\/en\/wp-json\/wp\/v2\/sujet?post=1556"}],"curies":[{"name":"wp","href":"https:\/\/api.w.org\/{rel}","templated":true}]}}