{"id":1560,"date":"2023-09-27T11:06:20","date_gmt":"2023-09-27T09:06:20","guid":{"rendered":"https:\/\/www.campingletastesoule.fr\/contact-and-acces\/"},"modified":"2023-10-11T08:42:56","modified_gmt":"2023-10-11T06:42:56","slug":"contact-and-acces","status":"publish","type":"page","link":"https:\/\/www.campingletastesoule.fr\/en\/contact-and-acces\/","title":{"rendered":"Contact and access"},"content":{"rendered":"<section id=\"ls-section-block_976a87b0aed9aeb080848c468ad23a6b\" class=\"ls-section  home-piscine-familial first page-one has-p-t p-t-3 has-p-b p-b-0\" >\n        <div class=\"container container--wide\">\n        \n\n<h1 class=\"ls__heading wp-block-heading has-text-align-center\">Contact and access<\/h1>\n\n\n    <\/div>\n<\/section><section id=\"ls-section-block_06a06b673477357cf31784d7b98ba826\" class=\"ls-section   first page-three has-m-b m-b-0 has-p-t p-t-0 has-p-b p-b-0\" >\n        <div class=\"container container--full\">\n        \n\n<div class=\"wp-block-columns first is-layout-flex wp-container-core-columns-is-layout-9d6595d7 wp-block-columns-is-layout-flex\">\n<div class=\"wp-block-column left is-layout-flow wp-block-column-is-layout-flow\">\n<h2 class=\"ls__heading wp-block-heading\">Contact details<\/h2>\n\n\n\n<p class=\"ls-paragraph\"><strong>Address:  <\/strong><br\/>2 Route des Grigots<br\/>33590 VENSAC<\/p>\n\n\n\n<p class=\"ls-paragraph\"><strong>GPS coordinates :<\/strong> <br\/>Latitude: 45.3983840942383<br\/>Longitude: -1.09517097473145<\/p>\n\n\n\n<p class=\"ls-paragraph\">How do I get to Le Tastesoule campsite in the M\u00e9doc region of Gironde? It&#8217;s easy to get to Le Tastesoule campsite: from the north by ferry at Royan, or from the south from Bordeaux, follow the directions below.<\/p>\n<\/div>\n\n\n\n<div class=\"wp-block-column right is-layout-flow wp-block-column-is-layout-flow\">\n<div class=\"wp-block-contact-form-7-contact-form-selector\">\n<div class=\"wpcf7 no-js\" id=\"wpcf7-f1417-o1\" lang=\"en-US\" dir=\"ltr\">\n<div class=\"screen-reader-response\"><p role=\"status\" aria-live=\"polite\" aria-atomic=\"true\"><\/p> <ul><\/ul><\/div>\n<form action=\"\/en\/wp-json\/wp\/v2\/pages\/1560#wpcf7-f1417-o1\" method=\"post\" class=\"wpcf7-form init\" aria-label=\"Contact form\" novalidate=\"novalidate\" data-status=\"init\">\n<div style=\"display: none;\">\n<input type=\"hidden\" name=\"_wpcf7\" value=\"1417\" \/>\n<input type=\"hidden\" name=\"_wpcf7_version\" value=\"5.9.8\" \/>\n<input type=\"hidden\" name=\"_wpcf7_locale\" value=\"en_US\" \/>\n<input type=\"hidden\" name=\"_wpcf7_unit_tag\" value=\"wpcf7-f1417-o1\" \/>\n<input type=\"hidden\" name=\"_wpcf7_container_post\" value=\"0\" \/>\n<input type=\"hidden\" name=\"_wpcf7_posted_data_hash\" value=\"\" \/>\n<input type=\"hidden\" name=\"_wpcf7_recaptcha_response\" value=\"\" \/>\n<\/div>\n<p><label> Your name<br \/>\n<span class=\"wpcf7-form-control-wrap\" data-name=\"your-name\"><input size=\"40\" maxlength=\"400\" class=\"wpcf7-form-control wpcf7-text wpcf7-validates-as-required\" autocomplete=\"name\" aria-required=\"true\" aria-invalid=\"false\" value=\"\" type=\"text\" name=\"your-name\" \/><\/span> <\/label>\n<\/p>\n<p><label> Your e-mail<br \/>\n<span class=\"wpcf7-form-control-wrap\" data-name=\"your-email\"><input size=\"40\" maxlength=\"400\" class=\"wpcf7-form-control wpcf7-email wpcf7-validates-as-required wpcf7-text wpcf7-validates-as-email\" autocomplete=\"email\" aria-required=\"true\" aria-invalid=\"false\" value=\"\" type=\"email\" name=\"your-email\" \/><\/span> <\/label>\n<\/p>\n<p><label> Object<br \/>\n<span class=\"wpcf7-form-control-wrap\" data-name=\"your-subject\"><input size=\"40\" maxlength=\"400\" class=\"wpcf7-form-control wpcf7-text wpcf7-validates-as-required\" aria-required=\"true\" aria-invalid=\"false\" value=\"\" type=\"text\" name=\"your-subject\" \/><\/span> <\/label>\n<\/p>\n<p><label> Your message<br \/>\n<span class=\"wpcf7-form-control-wrap\" data-name=\"your-message\"><textarea cols=\"40\" rows=\"10\" maxlength=\"2000\" class=\"wpcf7-form-control wpcf7-textarea\" aria-invalid=\"false\" name=\"your-message\"><\/textarea><\/span> <\/label>\n<\/p>\n<p><span class=\"wpcf7-form-control-wrap\" data-name=\"acceptance-553\"><span class=\"wpcf7-form-control wpcf7-acceptance\"><span class=\"wpcf7-list-item\"><label><input type=\"checkbox\" name=\"acceptance-553\" value=\"1\" aria-invalid=\"false\" \/><span class=\"wpcf7-list-item-label\">By checking this box, I accept the <a href=\"\/en\/privacy-policy\/\" rel=\"nofollow\" target=\"_blank\">Privacy Policy<\/a> of this site.<\/span><\/label><\/span><\/span><\/span><input class=\"wpcf7-form-control wpcf7-submit has-spinner\" type=\"submit\" value=\"Send\" \/>\n<\/p><div class=\"wpcf7-response-output\" aria-hidden=\"true\"><\/div>\n<\/form>\n<\/div>\n<\/div>\n<\/div>\n<\/div>\n\n\n    <\/div>\n<\/section><section id=\"ls-section-block_3e9596a304d5e6d4295209c283e491cd\" class=\"ls-section  home-piscine-familial first page-three has-m-t m-t-0 has-p-t p-t-0\" >\n        <div class=\"container container--full\">\n        \n\n<div class=\"wp-block-columns first is-layout-flex wp-container-core-columns-is-layout-9d6595d7 wp-block-columns-is-layout-flex\">\n<div class=\"wp-block-column left is-layout-flow wp-block-column-is-layout-flow\">\n<iframe src=\"https:\/\/www.google.com\/maps\/embed?pb=!1m18!1m12!1m3!1d2801.543238352046!2d-1.0977469206543002!3d45.398384!2m3!1f0!2f0!3f0!3m2!1i1024!2i768!4f13.1!3m3!1m2!1s0x48018fc688b9a381%3A0x8c1680cbe6d6e06!2sCamping%20Paradis%20Le%20Tastesoule!5e0!3m2!1sfr!2sfr!4v1694765530146!5m2!1sfr!2sfr\" width=\"100%\" height=\"650\" style=\"border:0;\" allowfullscreen=\"\" loading=\"lazy\" referrerpolicy=\"no-referrer-when-downgrade\"><\/iframe>\n<\/div>\n\n\n\n<div class=\"wp-block-column is-vertically-aligned-center right is-layout-flow wp-block-column-is-layout-flow\">\n<h2 class=\"ls__heading wp-block-heading\">How to get to the campsite in Gironde<\/h2>\n\n\n\n<p class=\"ls-paragraph\">Nestled in the green jewel of the Gironde near Montalivet, our <a href=\"https:\/\/www.campingletastesoule.fr\/en\/\">Le Tastesoule campsite<\/a> is just<strong> a few minutes from the beaches of the C\u00f4te d&#8217;Argent<\/strong>. Lovers of the great outdoors will be delighted at our campsite, where comfort rhymes with proximity!<\/p>\n\n\n\n<p class=\"ls-paragraph\">Just ten minutes from the breaking waves, our <strong>campsite near the beaches of the C\u00f4te d&#8217;Argent <\/strong>is the ideal place for a sunny, relaxing vacation.<\/p>\n<\/div>\n<\/div>\n\n\n    <\/div>\n<\/section><section id=\"ls-section-block_0732825726eb20a84084032398bab125\" class=\"ls-section  page-contact-3 has-p-t p-t-0\" >\n        <div class=\"container container--wide\">\n        \n\n<div class=\"wp-block-columns is-layout-flex wp-container-core-columns-is-layout-9d6595d7 wp-block-columns-is-layout-flex\">\n<div class=\"wp-block-column is-layout-flow wp-block-column-is-layout-flow\">\n<h3 class=\"ls__heading wp-block-heading has-color-2-color has-text-color\">By road from the north<\/h3>\n\n\n\n<ul class=\"ls-list wp-block-list\">\n<li>Take the A10 freeway to Saintes.<\/li>\n\n\n\n<li>Take the N105 towards Royan to catch the ferry across the Gironde to Le Verdon.<\/li>\n\n\n\n<li>Le Verdon-Royan ferry timetable and fares<\/li>\n\n\n\n<li>At Le Verdon, follow the D1215 towards Lesparre, continue for about 11km to the D101e3 and turn right towards Grayan and L&#8217;H\u00f4pital.<\/li>\n\n\n\n<li>Enter Grayan, at the traffic circle take the 2nd exit onto the D101 (rue des Bernaches) towards Vendays-Montalivet.<\/li>\n\n\n\n<li>Enter L&#8217;H\u00f4pital, at the traffic circle take the 2nd exit D101E6 towards Vendays-Montalivet.<\/li>\n\n\n\n<li>Follow the Vendays road (D101E6) for about 1.5 km.<\/li>\n\n\n\n<li>Turn left, route des Grigots.<\/li>\n\n\n\n<li>Le Tastesoule campsite is on the right.<\/li>\n<\/ul>\n<\/div>\n\n\n\n<div class=\"wp-block-column is-layout-flow wp-block-column-is-layout-flow\">\n<h3 class=\"ls__heading wp-block-heading has-color-2-color has-text-color\">By road from the south<\/h3>\n\n\n\n<ul class=\"ls-list wp-block-list\">\n<li>Take the ring road.<\/li>\n\n\n\n<li>Take exit N\u00b08 Le Verdon\/Lacanau\/Le Taillan-M\u00e9doc.<\/li>\n\n\n\n<li>Follow the D1215 towards Lesparre-M\u00e9doc.<\/li>\n\n\n\n<li>Continue on the D1215 departmental road through Castelnau-de-M\u00e9doc, Saint-Laurent de M\u00e9doc then Lesparre-M\u00e9doc.<\/li>\n\n\n\n<li>Drive through Lesparre M\u00e9doc, still following the D1215 towards Soulac-sur-Mer\/Le Verdon.<\/li>\n\n\n\n<li>At the D102, turn left towards Vendays-Montalivet.<\/li>\n\n\n\n<li>At the traffic circle, take the first exit towards Montalivet.<\/li>\n\n\n\n<li>At the traffic lights, turn right onto the D101 towards Soulac-sur-Mer.<\/li>\n\n\n\n<li>Follow the D101 through Mayan for about 2.5 km.<\/li>\n\n\n\n<li>Turn right on route des Grigots (after the &#8220;d\u00e9chetterie Vensac&#8221; intersection).<\/li>\n\n\n\n<li>Le Tastesoule campsite is on the right.<\/li>\n<\/ul>\n<\/div>\n<\/div>\n\n\n    <\/div>\n<\/section>","protected":false},"excerpt":{"rendered":"","protected":false},"author":1,"featured_media":0,"parent":0,"menu_order":0,"comment_status":"closed","ping_status":"closed","template":"","meta":{"_acf_changed":false,"footnotes":""},"sujet":[],"class_list":["post-1560","page","type-page","status-publish","hentry"],"acf":[],"yoast_head":"<!-- This site is optimized with the Yoast SEO plugin v25.3 - https:\/\/yoast.com\/wordpress\/plugins\/seo\/ -->\n<title>Contact camping Tastesoule | Coming to camping Montalivet<\/title>\n<meta name=\"description\" content=\"Use our contact form to ask any questions you may have and start planning your vacation in the M\u00e9doc right away.\" \/>\n<meta name=\"robots\" content=\"index, follow, max-snippet:-1, max-image-preview:large, max-video-preview:-1\" \/>\n<link rel=\"canonical\" href=\"https:\/\/www.campingletastesoule.fr\/en\/contact-and-acces\/\" \/>\n<meta property=\"og:locale\" content=\"en_US\" \/>\n<meta property=\"og:type\" content=\"article\" \/>\n<meta property=\"og:title\" content=\"Contact camping Tastesoule | Coming to camping Montalivet\" \/>\n<meta property=\"og:description\" content=\"Use our contact form to ask any questions you may have and start planning your vacation in the M\u00e9doc right away.\" \/>\n<meta property=\"og:url\" content=\"https:\/\/www.campingletastesoule.fr\/en\/contact-and-acces\/\" \/>\n<meta property=\"og:site_name\" content=\"Camping Le Tastesoule\" \/>\n<meta property=\"article:modified_time\" content=\"2023-10-11T06:42:56+00:00\" \/>\n<meta name=\"twitter:card\" content=\"summary_large_image\" \/>\n<meta name=\"twitter:label1\" content=\"Est. reading time\" \/>\n\t<meta name=\"twitter:data1\" content=\"2 minutes\" \/>\n<script type=\"application\/ld+json\" class=\"yoast-schema-graph\">{\"@context\":\"https:\/\/schema.org\",\"@graph\":[{\"@type\":\"WebPage\",\"@id\":\"https:\/\/www.campingletastesoule.fr\/en\/contact-and-acces\/\",\"url\":\"https:\/\/www.campingletastesoule.fr\/en\/contact-and-acces\/\",\"name\":\"Contact camping Tastesoule | Coming to camping Montalivet\",\"isPartOf\":{\"@id\":\"https:\/\/www.campingletastesoule.fr\/#website\"},\"datePublished\":\"2023-09-27T09:06:20+00:00\",\"dateModified\":\"2023-10-11T06:42:56+00:00\",\"description\":\"Use our contact form to ask any questions you may have and start planning your vacation in the M\u00e9doc right away.\",\"breadcrumb\":{\"@id\":\"https:\/\/www.campingletastesoule.fr\/en\/contact-and-acces\/#breadcrumb\"},\"inLanguage\":\"en-US\",\"potentialAction\":[{\"@type\":\"ReadAction\",\"target\":[\"https:\/\/www.campingletastesoule.fr\/en\/contact-and-acces\/\"]}]},{\"@type\":\"BreadcrumbList\",\"@id\":\"https:\/\/www.campingletastesoule.fr\/en\/contact-and-acces\/#breadcrumb\",\"itemListElement\":[{\"@type\":\"ListItem\",\"position\":1,\"name\":\"Camping Montalivet\",\"item\":\"https:\/\/www.campingletastesoule.fr\/en\/\"},{\"@type\":\"ListItem\",\"position\":2,\"name\":\"Contact, directions\"}]},{\"@type\":\"WebSite\",\"@id\":\"https:\/\/www.campingletastesoule.fr\/#website\",\"url\":\"https:\/\/www.campingletastesoule.fr\/\",\"name\":\"Camping Le Tastesoule\",\"description\":\"\",\"publisher\":{\"@id\":\"https:\/\/www.campingletastesoule.fr\/#organization\"},\"potentialAction\":[{\"@type\":\"SearchAction\",\"target\":{\"@type\":\"EntryPoint\",\"urlTemplate\":\"https:\/\/www.campingletastesoule.fr\/?s={search_term_string}\"},\"query-input\":{\"@type\":\"PropertyValueSpecification\",\"valueRequired\":true,\"valueName\":\"search_term_string\"}}],\"inLanguage\":\"en-US\"},{\"@type\":\"Organization\",\"@id\":\"https:\/\/www.campingletastesoule.fr\/#organization\",\"name\":\"Camping Le Tastesoule\",\"url\":\"https:\/\/www.campingletastesoule.fr\/\",\"logo\":{\"@type\":\"ImageObject\",\"inLanguage\":\"en-US\",\"@id\":\"https:\/\/www.campingletastesoule.fr\/#\/schema\/logo\/image\/\",\"url\":\"https:\/\/www.campingletastesoule.fr\/wp-content\/uploads\/2023\/08\/cropped-camping-le-tastesoule.png\",\"contentUrl\":\"https:\/\/www.campingletastesoule.fr\/wp-content\/uploads\/2023\/08\/cropped-camping-le-tastesoule.png\",\"width\":347,\"height\":246,\"caption\":\"Camping Le Tastesoule\"},\"image\":{\"@id\":\"https:\/\/www.campingletastesoule.fr\/#\/schema\/logo\/image\/\"}}]}<\/script>\n<!-- \/ Yoast SEO plugin. -->","yoast_head_json":{"title":"Contact camping Tastesoule | Coming to camping Montalivet","description":"Use our contact form to ask any questions you may have and start planning your vacation in the M\u00e9doc right away.","robots":{"index":"index","follow":"follow","max-snippet":"max-snippet:-1","max-image-preview":"max-image-preview:large","max-video-preview":"max-video-preview:-1"},"canonical":"https:\/\/www.campingletastesoule.fr\/en\/contact-and-acces\/","og_locale":"en_US","og_type":"article","og_title":"Contact camping Tastesoule | Coming to camping Montalivet","og_description":"Use our contact form to ask any questions you may have and start planning your vacation in the M\u00e9doc right away.","og_url":"https:\/\/www.campingletastesoule.fr\/en\/contact-and-acces\/","og_site_name":"Camping Le Tastesoule","article_modified_time":"2023-10-11T06:42:56+00:00","twitter_card":"summary_large_image","twitter_misc":{"Est. reading time":"2 minutes"},"schema":{"@context":"https:\/\/schema.org","@graph":[{"@type":"WebPage","@id":"https:\/\/www.campingletastesoule.fr\/en\/contact-and-acces\/","url":"https:\/\/www.campingletastesoule.fr\/en\/contact-and-acces\/","name":"Contact camping Tastesoule | Coming to camping Montalivet","isPartOf":{"@id":"https:\/\/www.campingletastesoule.fr\/#website"},"datePublished":"2023-09-27T09:06:20+00:00","dateModified":"2023-10-11T06:42:56+00:00","description":"Use our contact form to ask any questions you may have and start planning your vacation in the M\u00e9doc right away.","breadcrumb":{"@id":"https:\/\/www.campingletastesoule.fr\/en\/contact-and-acces\/#breadcrumb"},"inLanguage":"en-US","potentialAction":[{"@type":"ReadAction","target":["https:\/\/www.campingletastesoule.fr\/en\/contact-and-acces\/"]}]},{"@type":"BreadcrumbList","@id":"https:\/\/www.campingletastesoule.fr\/en\/contact-and-acces\/#breadcrumb","itemListElement":[{"@type":"ListItem","position":1,"name":"Camping Montalivet","item":"https:\/\/www.campingletastesoule.fr\/en\/"},{"@type":"ListItem","position":2,"name":"Contact, directions"}]},{"@type":"WebSite","@id":"https:\/\/www.campingletastesoule.fr\/#website","url":"https:\/\/www.campingletastesoule.fr\/","name":"Camping Le Tastesoule","description":"","publisher":{"@id":"https:\/\/www.campingletastesoule.fr\/#organization"},"potentialAction":[{"@type":"SearchAction","target":{"@type":"EntryPoint","urlTemplate":"https:\/\/www.campingletastesoule.fr\/?s={search_term_string}"},"query-input":{"@type":"PropertyValueSpecification","valueRequired":true,"valueName":"search_term_string"}}],"inLanguage":"en-US"},{"@type":"Organization","@id":"https:\/\/www.campingletastesoule.fr\/#organization","name":"Camping Le Tastesoule","url":"https:\/\/www.campingletastesoule.fr\/","logo":{"@type":"ImageObject","inLanguage":"en-US","@id":"https:\/\/www.campingletastesoule.fr\/#\/schema\/logo\/image\/","url":"https:\/\/www.campingletastesoule.fr\/wp-content\/uploads\/2023\/08\/cropped-camping-le-tastesoule.png","contentUrl":"https:\/\/www.campingletastesoule.fr\/wp-content\/uploads\/2023\/08\/cropped-camping-le-tastesoule.png","width":347,"height":246,"caption":"Camping Le Tastesoule"},"image":{"@id":"https:\/\/www.campingletastesoule.fr\/#\/schema\/logo\/image\/"}}]}},"_links":{"self":[{"href":"https:\/\/www.campingletastesoule.fr\/en\/wp-json\/wp\/v2\/pages\/1560","targetHints":{"allow":["GET"]}}],"collection":[{"href":"https:\/\/www.campingletastesoule.fr\/en\/wp-json\/wp\/v2\/pages"}],"about":[{"href":"https:\/\/www.campingletastesoule.fr\/en\/wp-json\/wp\/v2\/types\/page"}],"author":[{"embeddable":true,"href":"https:\/\/www.campingletastesoule.fr\/en\/wp-json\/wp\/v2\/users\/1"}],"replies":[{"embeddable":true,"href":"https:\/\/www.campingletastesoule.fr\/en\/wp-json\/wp\/v2\/comments?post=1560"}],"version-history":[{"count":5,"href":"https:\/\/www.campingletastesoule.fr\/en\/wp-json\/wp\/v2\/pages\/1560\/revisions"}],"predecessor-version":[{"id":1753,"href":"https:\/\/www.campingletastesoule.fr\/en\/wp-json\/wp\/v2\/pages\/1560\/revisions\/1753"}],"wp:attachment":[{"href":"https:\/\/www.campingletastesoule.fr\/en\/wp-json\/wp\/v2\/media?parent=1560"}],"wp:term":[{"taxonomy":"sujet","embeddable":true,"href":"https:\/\/www.campingletastesoule.fr\/en\/wp-json\/wp\/v2\/sujet?post=1560"}],"curies":[{"name":"wp","href":"https:\/\/api.w.org\/{rel}","templated":true}]}}