{"id":1572,"date":"2023-09-27T11:08:43","date_gmt":"2023-09-27T09:08:43","guid":{"rendered":"https:\/\/www.campingletastesoule.fr\/tourism-in-medoc\/"},"modified":"2023-09-27T11:08:43","modified_gmt":"2023-09-27T09:08:43","slug":"tourism-in-medoc","status":"publish","type":"page","link":"https:\/\/www.campingletastesoule.fr\/en\/tourism-in-medoc\/","title":{"rendered":"M\u00e9doc"},"content":{"rendered":"<section id=\"ls-section-block_a0a2ac8f2fb6ff596145ef818e54003a\" class=\"ls-section  home-piscine-familial first page-one\" >\n        <div class=\"container container--full\">\n        \n\n<h1 class=\"ls__heading wp-block-heading has-text-align-center\">Discovering the M\u00e9doc, between nature and heritage<\/h1>\n\n\n\n<div class=\"wp-block-columns first is-layout-flex wp-container-core-columns-is-layout-9d6595d7 wp-block-columns-is-layout-flex\">\n<div class=\"wp-block-column left is-layout-flow wp-block-column-is-layout-flow\">\n<figure class=\"wp-block-gallery has-nested-images columns-default is-cropped animated fadeInLeft delay-100ms slow wp-block-gallery-1 is-layout-flex wp-block-gallery-is-layout-flex\">\n<figure class=\"wp-block-image size-full left\"><a href=\"https:\/\/www.campingletastesoule.fr\/wp-content\/uploads\/2023\/09\/plages-du-medoc.jpg\"><img decoding=\"async\" width=\"595\" height=\"900\" data-id=\"1038\" src=\"https:\/\/www.campingletastesoule.fr\/wp-content\/uploads\/2023\/09\/plages-du-medoc.jpg\" alt=\"plages du medoc\" class=\"wp-image-1038\" srcset=\"https:\/\/www.campingletastesoule.fr\/wp-content\/uploads\/2023\/09\/plages-du-medoc.jpg 595w, https:\/\/www.campingletastesoule.fr\/wp-content\/uploads\/2023\/09\/plages-du-medoc-198x300.jpg 198w\" sizes=\"(max-width: 595px) 100vw, 595px\" \/><\/a><\/figure>\n\n\n\n<figure class=\"wp-block-image size-full\"><a href=\"https:\/\/www.campingletastesoule.fr\/wp-content\/uploads\/2023\/09\/plage-bunker-medoc.jpg\"><img decoding=\"async\" width=\"595\" height=\"900\" data-id=\"1054\" src=\"https:\/\/www.campingletastesoule.fr\/wp-content\/uploads\/2023\/09\/plage-bunker-medoc.jpg\" alt=\"plage bunker medoc\" class=\"wp-image-1054\" srcset=\"https:\/\/www.campingletastesoule.fr\/wp-content\/uploads\/2023\/09\/plage-bunker-medoc.jpg 595w, https:\/\/www.campingletastesoule.fr\/wp-content\/uploads\/2023\/09\/plage-bunker-medoc-198x300.jpg 198w\" sizes=\"(max-width: 595px) 100vw, 595px\" \/><\/a><\/figure>\n<\/figure>\n<\/div>\n\n\n\n<div class=\"wp-block-column is-vertically-aligned-center right is-layout-flow wp-block-column-is-layout-flow\">\n<p class=\"ls-paragraph\">In addition to sandy beaches, water sports and nature, <a href=\"https:\/\/www.medoc-atlantique.com\/\" target=\"_blank\" rel=\"noreferrer noopener nofollow\">the M\u00e9doc<\/a> offers a <strong>rich historical heritage<\/strong>.<\/p>\n\n\n\n<p class=\"ls-paragraph\">From  <strong>bunkers<\/strong> <strong>of the Atlantic Wall <\/strong>built during the Second World War, to soulac villas with their<strong>  red briquettes  <\/strong>and<strong>  colorful woodwork<\/strong>  that you won&#8217;t see anywhere else, including the<strong>  traditional striped beach tents<\/strong>  the colors of the ocean, or by the<strong>  Basilica of Notre Dame de la Fin des Terres, UNESCO World Heritage Site<\/strong>  and marks the last stop for pilgrims on the pilgrimage route to Santiago de Compostela.<strong>  crossing the Gironde estuary<\/strong>the M\u00e9doc has more than enough to surprise you!<\/p>\n<\/div>\n<\/div>\n\n\n    <\/div>\n<\/section><section id=\"ls-section-block_26a782cb79f6b5fe5b50a7f897b92968\" class=\"ls-section  page-two has-background-image has-p-t p-t-20 has-p-b p-b-20\" >\n    <div class=\"ls-section__background-image opacity-100\"><img decoding=\"async\" src=\"https:\/\/www.campingletastesoule.fr\/wp-content\/uploads\/2023\/09\/activites-velo-dans-le-medoc.jpg\" alt=\"cycling in the medoc\"><\/div>    <div class=\"container container--full\">\n        \n\n<div class=\"wp-block-columns is-layout-flex wp-container-core-columns-is-layout-9d6595d7 wp-block-columns-is-layout-flex\">\n<div class=\"wp-block-column animated fadeInLeft is-layout-flow wp-block-column-is-layout-flow\">\n<h2 class=\"ls__heading wp-block-heading has-text-align-left\">Hiking and cycling trails near Vensac<\/h2>\n\n\n\n<p class=\"ls-paragraph\">Around Vensac, <strong>40 km of cycle paths<\/strong> and <strong>numerous footpaths<\/strong> are available for walking and cycling. Visit the surrounding area from the campsite on these small paths and cycle tracks, all the way to the beach for the more courageous.<\/p>\n\n\n\n<h2 class=\"ls__heading wp-block-heading\">Markets and local gastronomy<\/h2>\n\n\n\n<p class=\"ls-paragraph\">A veritable institution, the<strong> Soulac-sur-Mer market<\/strong>, 15 km from the campsite along the coast to the north, welcomes you every morning in all seasons to help you discover our regional products and local specialities.<\/p>\n\n\n\n<p class=\"ls-paragraph\"><strong>Awaken your taste buds to new<\/strong> <strong>flavours<\/strong>: hazelnuts and vine shoots from the M\u00e9doc, grenier m\u00e9docain, canel\u00e9s de bordeaux, oysters, prawns, local fish&#8230; Take your pick and bring back a souvenir that will remind you of the flavour of your vacation every time you taste it.<\/p>\n\n\n\n<p class=\"ls-paragraph\">You&#8217;ll also find our<strong> regional products at the markets in Montalivet<\/strong> (5 km) every morning in season, and Saint Vivien (10 km) every Wednesday morning throughout the year, not forgetting the <strong>Vensac night market<\/strong> in July and August.<\/p>\n<\/div>\n\n\n\n<div class=\"wp-block-column animated fadeInUp delay-200ms slow is-layout-flow wp-block-column-is-layout-flow\"><\/div>\n<\/div>\n\n\n    <\/div>\n<\/section><section id=\"ls-section-block_5666133152a90ffa39ce967ae6156386\" class=\"ls-section  home-piscine-familial first page-three\" >\n        <div class=\"container container--full\">\n        \n\n<div class=\"wp-block-columns first is-layout-flex wp-container-core-columns-is-layout-9d6595d7 wp-block-columns-is-layout-flex\">\n<div class=\"wp-block-column is-vertically-aligned-center left is-layout-flow wp-block-column-is-layout-flow\">\n<h2 class=\"ls__heading wp-block-heading\">Lighthouses, ports, lakes of the M\u00e9doc Atlantique<\/h2>\n\n\n\n<p class=\"ls-paragraph\">An emblematic symbol of the M\u00e9doc, enthroned in the middle of the ocean, the<strong> Cordouan lighthouse<\/strong>, a<strong> UNESCO World Heritage<\/strong> Site in 2021, is a must-see and unique in the world.<\/p>\n\n\n\n<p class=\"ls-paragraph\">For the seasick, there are numerous lighthouses, museums and ports to discover on the banks of the Gironde Estuary or in the forest: Grave, Saint Nicolas, Richard, Port M\u00e9doc au Verdon, Richard, Goul\u00e9e or Hourtin&#8230;<\/p>\n\n\n\n<p class=\"ls-paragraph\">There&#8217;s plenty to do for fishing enthusiasts between sea, river and lake.<\/p>\n\n\n\n<p class=\"ls-paragraph\">Discover <strong>Lac d&#8217;Hourtin-Carcans<\/strong>,<strong>one of Europe&#8217;s largest lakes<\/strong>, and the <strong>Contaut nature reserve <\/strong>, just 20 km from the campsite.<\/p>\n\n\n\n<h2 class=\"ls__heading wp-block-heading\">For night-time outings<\/h2>\n\n\n\n<p class=\"ls-paragraph\">The<strong> nightclub <\/strong>is 5 km from <a href=\"https:\/\/www.campingletastesoule.fr\/en\/\">Le Tastesoule campsite<\/a>, and 15 km away you can spend an <strong>evening at the Soulac Casino<\/strong>.<\/p>\n<\/div>\n\n\n\n<div class=\"wp-block-column right is-layout-flow wp-block-column-is-layout-flow\">\n<figure class=\"wp-block-gallery has-nested-images columns-default is-cropped animated fadeInRight delay-100ms slow wp-block-gallery-2 is-layout-flex wp-block-gallery-is-layout-flex\">\n<figure class=\"wp-block-image size-full\"><a href=\"https:\/\/www.campingletastesoule.fr\/wp-content\/uploads\/2023\/09\/camping-dan-sle-medoc.jpg\"><img decoding=\"async\" width=\"595\" height=\"900\" data-id=\"1050\" src=\"https:\/\/www.campingletastesoule.fr\/wp-content\/uploads\/2023\/09\/camping-dan-sle-medoc.jpg\" alt=\"camping dan sle medoc\" class=\"wp-image-1050\" srcset=\"https:\/\/www.campingletastesoule.fr\/wp-content\/uploads\/2023\/09\/camping-dan-sle-medoc.jpg 595w, https:\/\/www.campingletastesoule.fr\/wp-content\/uploads\/2023\/09\/camping-dan-sle-medoc-198x300.jpg 198w\" sizes=\"(max-width: 595px) 100vw, 595px\" \/><\/a><\/figure>\n\n\n\n<figure class=\"wp-block-image size-full right\"><a href=\"https:\/\/www.campingletastesoule.fr\/wp-content\/uploads\/2023\/09\/decouvrir-le-medoc.jpg\"><img decoding=\"async\" width=\"595\" height=\"900\" data-id=\"1042\" src=\"https:\/\/www.campingletastesoule.fr\/wp-content\/uploads\/2023\/09\/decouvrir-le-medoc.jpg\" alt=\"discover the medoc\" class=\"wp-image-1042\" srcset=\"https:\/\/www.campingletastesoule.fr\/wp-content\/uploads\/2023\/09\/decouvrir-le-medoc.jpg 595w, https:\/\/www.campingletastesoule.fr\/wp-content\/uploads\/2023\/09\/decouvrir-le-medoc-198x300.jpg 198w\" sizes=\"(max-width: 595px) 100vw, 595px\" \/><\/a><\/figure>\n<\/figure>\n<\/div>\n<\/div>\n\n\n    <\/div>\n<\/section><section id=\"ls-section-block_c91b9aeae73f470104a23c234866315c\" class=\"ls-section  page-maillage\" >\n        <div class=\"container container--wide\">\n        \n\n<div id=\"ls-heading ls-titre-div-block_d83a7a3a70e9829d0962c379f074055f\" class=\"ls-titre-div h2-like\" >\n    Nearby attractions<\/div>\n\n\n<div id=\"ls-maillage-block_9e2f48acce8155abd0417a79202e5726\" class=\"ls-maillage cta-style-normal\" data-rows=\"3\">\n    <div class=\"wp-block-columns\"><div class=\"wp-block-column\">\n\n<a href=\"https:\/\/www.campingletastesoule.fr\/en\/activities-in-medoc\/\" target=\"\" rel=\"noopener\" class=\"ls-cta__link\">\n\n\t<div class=\"ls-cta__image\"><img decoding=\"async\" src=\"https:\/\/www.campingletastesoule.fr\/wp-content\/uploads\/2023\/09\/estaurant-montalivet.jpg\" alt=\"restaurant montalivet\"><\/div>\n\t<div class=\"ls-cta__title\">\n\t\tGood addresses\t<\/div>\n\n\t\t\n<\/a><\/div><div class=\"wp-block-column\">\n\n<a href=\"https:\/\/www.campingletastesoule.fr\/en\/tourism-vensac\/\" target=\"\" rel=\"noopener\" class=\"ls-cta__link\">\n\n\t<div class=\"ls-cta__image\"><img decoding=\"async\" src=\"https:\/\/www.campingletastesoule.fr\/wp-content\/uploads\/2023\/09\/balade-a-cheval-plage-vensac.jpg\" alt=\"horseback riding on vensac beach\"><\/div>\n\t<div class=\"ls-cta__title\">\n\t\tVensac\t<\/div>\n\n\t\t\n<\/a><\/div><div class=\"wp-block-column\">\n\n<a href=\"https:\/\/www.campingletastesoule.fr\/en\/tourism-montalivet\/\" target=\"\" rel=\"noopener\" class=\"ls-cta__link\">\n\n\t<div class=\"ls-cta__image\"><img decoding=\"async\" src=\"https:\/\/www.campingletastesoule.fr\/wp-content\/uploads\/2023\/09\/les-marches-de-montalivet.jpg\" alt=\"les marches de montalivet\"><\/div>\n\t<div class=\"ls-cta__title\">\n\t\tMontalivet\t<\/div>\n\n\t\t\n<\/a><\/div><\/div><\/div>\n\n    <\/div>\n<\/section>","protected":false},"excerpt":{"rendered":"","protected":false},"author":1,"featured_media":1066,"parent":0,"menu_order":0,"comment_status":"closed","ping_status":"closed","template":"","meta":{"_acf_changed":false,"footnotes":""},"sujet":[],"class_list":["post-1572","page","type-page","status-publish","has-post-thumbnail","hentry"],"acf":[],"yoast_head":"<!-- This site is optimized with the Yoast SEO plugin v25.3 - https:\/\/yoast.com\/wordpress\/plugins\/seo\/ -->\n<title>Tourism in the M\u00e9doc | Visit the M\u00e9doc<\/title>\n<meta name=\"description\" content=\"Discover the M\u00e9doc region, its heritage, landscapes and gastronomy during your stay at camping Le Tastesoule.\" \/>\n<meta name=\"robots\" content=\"index, follow, max-snippet:-1, max-image-preview:large, max-video-preview:-1\" \/>\n<link rel=\"canonical\" href=\"https:\/\/www.campingletastesoule.fr\/en\/tourism-in-medoc\/\" \/>\n<meta property=\"og:locale\" content=\"en_US\" \/>\n<meta property=\"og:type\" content=\"article\" \/>\n<meta property=\"og:title\" content=\"Tourism in the M\u00e9doc | Visit the M\u00e9doc\" \/>\n<meta property=\"og:description\" content=\"Discover the M\u00e9doc region, its heritage, landscapes and gastronomy during your stay at camping Le Tastesoule.\" \/>\n<meta property=\"og:url\" content=\"https:\/\/www.campingletastesoule.fr\/en\/tourism-in-medoc\/\" \/>\n<meta property=\"og:site_name\" content=\"Camping Le Tastesoule\" \/>\n<meta property=\"og:image\" content=\"https:\/\/www.campingletastesoule.fr\/wp-content\/uploads\/2023\/09\/balade-a-cheval-dans-le-medoc.jpg\" \/>\n\t<meta property=\"og:image:width\" content=\"1920\" \/>\n\t<meta property=\"og:image:height\" content=\"550\" \/>\n\t<meta property=\"og:image:type\" content=\"image\/jpeg\" \/>\n<meta name=\"twitter:card\" content=\"summary_large_image\" \/>\n<meta name=\"twitter:label1\" content=\"Est. reading time\" \/>\n\t<meta name=\"twitter:data1\" content=\"2 minutes\" \/>\n<script type=\"application\/ld+json\" class=\"yoast-schema-graph\">{\"@context\":\"https:\/\/schema.org\",\"@graph\":[{\"@type\":\"WebPage\",\"@id\":\"https:\/\/www.campingletastesoule.fr\/en\/tourism-in-medoc\/\",\"url\":\"https:\/\/www.campingletastesoule.fr\/en\/tourism-in-medoc\/\",\"name\":\"Tourism in the M\u00e9doc | Visit the M\u00e9doc\",\"isPartOf\":{\"@id\":\"https:\/\/www.campingletastesoule.fr\/#website\"},\"primaryImageOfPage\":{\"@id\":\"https:\/\/www.campingletastesoule.fr\/en\/tourism-in-medoc\/#primaryimage\"},\"image\":{\"@id\":\"https:\/\/www.campingletastesoule.fr\/en\/tourism-in-medoc\/#primaryimage\"},\"thumbnailUrl\":\"https:\/\/www.campingletastesoule.fr\/wp-content\/uploads\/2023\/09\/balade-a-cheval-dans-le-medoc.jpg\",\"datePublished\":\"2023-09-27T09:08:43+00:00\",\"description\":\"Discover the M\u00e9doc region, its heritage, landscapes and gastronomy during your stay at camping Le Tastesoule.\",\"breadcrumb\":{\"@id\":\"https:\/\/www.campingletastesoule.fr\/en\/tourism-in-medoc\/#breadcrumb\"},\"inLanguage\":\"en-US\",\"potentialAction\":[{\"@type\":\"ReadAction\",\"target\":[\"https:\/\/www.campingletastesoule.fr\/en\/tourism-in-medoc\/\"]}]},{\"@type\":\"ImageObject\",\"inLanguage\":\"en-US\",\"@id\":\"https:\/\/www.campingletastesoule.fr\/en\/tourism-in-medoc\/#primaryimage\",\"url\":\"https:\/\/www.campingletastesoule.fr\/wp-content\/uploads\/2023\/09\/balade-a-cheval-dans-le-medoc.jpg\",\"contentUrl\":\"https:\/\/www.campingletastesoule.fr\/wp-content\/uploads\/2023\/09\/balade-a-cheval-dans-le-medoc.jpg\",\"width\":1920,\"height\":550,\"caption\":\"horseback riding in the medoc\"},{\"@type\":\"BreadcrumbList\",\"@id\":\"https:\/\/www.campingletastesoule.fr\/en\/tourism-in-medoc\/#breadcrumb\",\"itemListElement\":[{\"@type\":\"ListItem\",\"position\":1,\"name\":\"Camping Montalivet\",\"item\":\"https:\/\/www.campingletastesoule.fr\/en\/\"},{\"@type\":\"ListItem\",\"position\":2,\"name\":\"Visit the M\u00e9doc\"}]},{\"@type\":\"WebSite\",\"@id\":\"https:\/\/www.campingletastesoule.fr\/#website\",\"url\":\"https:\/\/www.campingletastesoule.fr\/\",\"name\":\"Camping Le Tastesoule\",\"description\":\"\",\"publisher\":{\"@id\":\"https:\/\/www.campingletastesoule.fr\/#organization\"},\"potentialAction\":[{\"@type\":\"SearchAction\",\"target\":{\"@type\":\"EntryPoint\",\"urlTemplate\":\"https:\/\/www.campingletastesoule.fr\/?s={search_term_string}\"},\"query-input\":{\"@type\":\"PropertyValueSpecification\",\"valueRequired\":true,\"valueName\":\"search_term_string\"}}],\"inLanguage\":\"en-US\"},{\"@type\":\"Organization\",\"@id\":\"https:\/\/www.campingletastesoule.fr\/#organization\",\"name\":\"Camping Le Tastesoule\",\"url\":\"https:\/\/www.campingletastesoule.fr\/\",\"logo\":{\"@type\":\"ImageObject\",\"inLanguage\":\"en-US\",\"@id\":\"https:\/\/www.campingletastesoule.fr\/#\/schema\/logo\/image\/\",\"url\":\"https:\/\/www.campingletastesoule.fr\/wp-content\/uploads\/2023\/08\/cropped-camping-le-tastesoule.png\",\"contentUrl\":\"https:\/\/www.campingletastesoule.fr\/wp-content\/uploads\/2023\/08\/cropped-camping-le-tastesoule.png\",\"width\":347,\"height\":246,\"caption\":\"Camping Le Tastesoule\"},\"image\":{\"@id\":\"https:\/\/www.campingletastesoule.fr\/#\/schema\/logo\/image\/\"}}]}<\/script>\n<!-- \/ Yoast SEO plugin. -->","yoast_head_json":{"title":"Tourism in the M\u00e9doc | Visit the M\u00e9doc","description":"Discover the M\u00e9doc region, its heritage, landscapes and gastronomy during your stay at camping Le Tastesoule.","robots":{"index":"index","follow":"follow","max-snippet":"max-snippet:-1","max-image-preview":"max-image-preview:large","max-video-preview":"max-video-preview:-1"},"canonical":"https:\/\/www.campingletastesoule.fr\/en\/tourism-in-medoc\/","og_locale":"en_US","og_type":"article","og_title":"Tourism in the M\u00e9doc | Visit the M\u00e9doc","og_description":"Discover the M\u00e9doc region, its heritage, landscapes and gastronomy during your stay at camping Le Tastesoule.","og_url":"https:\/\/www.campingletastesoule.fr\/en\/tourism-in-medoc\/","og_site_name":"Camping Le Tastesoule","og_image":[{"width":1920,"height":550,"url":"https:\/\/www.campingletastesoule.fr\/wp-content\/uploads\/2023\/09\/balade-a-cheval-dans-le-medoc.jpg","type":"image\/jpeg"}],"twitter_card":"summary_large_image","twitter_misc":{"Est. reading time":"2 minutes"},"schema":{"@context":"https:\/\/schema.org","@graph":[{"@type":"WebPage","@id":"https:\/\/www.campingletastesoule.fr\/en\/tourism-in-medoc\/","url":"https:\/\/www.campingletastesoule.fr\/en\/tourism-in-medoc\/","name":"Tourism in the M\u00e9doc | Visit the M\u00e9doc","isPartOf":{"@id":"https:\/\/www.campingletastesoule.fr\/#website"},"primaryImageOfPage":{"@id":"https:\/\/www.campingletastesoule.fr\/en\/tourism-in-medoc\/#primaryimage"},"image":{"@id":"https:\/\/www.campingletastesoule.fr\/en\/tourism-in-medoc\/#primaryimage"},"thumbnailUrl":"https:\/\/www.campingletastesoule.fr\/wp-content\/uploads\/2023\/09\/balade-a-cheval-dans-le-medoc.jpg","datePublished":"2023-09-27T09:08:43+00:00","description":"Discover the M\u00e9doc region, its heritage, landscapes and gastronomy during your stay at camping Le Tastesoule.","breadcrumb":{"@id":"https:\/\/www.campingletastesoule.fr\/en\/tourism-in-medoc\/#breadcrumb"},"inLanguage":"en-US","potentialAction":[{"@type":"ReadAction","target":["https:\/\/www.campingletastesoule.fr\/en\/tourism-in-medoc\/"]}]},{"@type":"ImageObject","inLanguage":"en-US","@id":"https:\/\/www.campingletastesoule.fr\/en\/tourism-in-medoc\/#primaryimage","url":"https:\/\/www.campingletastesoule.fr\/wp-content\/uploads\/2023\/09\/balade-a-cheval-dans-le-medoc.jpg","contentUrl":"https:\/\/www.campingletastesoule.fr\/wp-content\/uploads\/2023\/09\/balade-a-cheval-dans-le-medoc.jpg","width":1920,"height":550,"caption":"horseback riding in the medoc"},{"@type":"BreadcrumbList","@id":"https:\/\/www.campingletastesoule.fr\/en\/tourism-in-medoc\/#breadcrumb","itemListElement":[{"@type":"ListItem","position":1,"name":"Camping Montalivet","item":"https:\/\/www.campingletastesoule.fr\/en\/"},{"@type":"ListItem","position":2,"name":"Visit the M\u00e9doc"}]},{"@type":"WebSite","@id":"https:\/\/www.campingletastesoule.fr\/#website","url":"https:\/\/www.campingletastesoule.fr\/","name":"Camping Le Tastesoule","description":"","publisher":{"@id":"https:\/\/www.campingletastesoule.fr\/#organization"},"potentialAction":[{"@type":"SearchAction","target":{"@type":"EntryPoint","urlTemplate":"https:\/\/www.campingletastesoule.fr\/?s={search_term_string}"},"query-input":{"@type":"PropertyValueSpecification","valueRequired":true,"valueName":"search_term_string"}}],"inLanguage":"en-US"},{"@type":"Organization","@id":"https:\/\/www.campingletastesoule.fr\/#organization","name":"Camping Le Tastesoule","url":"https:\/\/www.campingletastesoule.fr\/","logo":{"@type":"ImageObject","inLanguage":"en-US","@id":"https:\/\/www.campingletastesoule.fr\/#\/schema\/logo\/image\/","url":"https:\/\/www.campingletastesoule.fr\/wp-content\/uploads\/2023\/08\/cropped-camping-le-tastesoule.png","contentUrl":"https:\/\/www.campingletastesoule.fr\/wp-content\/uploads\/2023\/08\/cropped-camping-le-tastesoule.png","width":347,"height":246,"caption":"Camping Le Tastesoule"},"image":{"@id":"https:\/\/www.campingletastesoule.fr\/#\/schema\/logo\/image\/"}}]}},"_links":{"self":[{"href":"https:\/\/www.campingletastesoule.fr\/en\/wp-json\/wp\/v2\/pages\/1572","targetHints":{"allow":["GET"]}}],"collection":[{"href":"https:\/\/www.campingletastesoule.fr\/en\/wp-json\/wp\/v2\/pages"}],"about":[{"href":"https:\/\/www.campingletastesoule.fr\/en\/wp-json\/wp\/v2\/types\/page"}],"author":[{"embeddable":true,"href":"https:\/\/www.campingletastesoule.fr\/en\/wp-json\/wp\/v2\/users\/1"}],"replies":[{"embeddable":true,"href":"https:\/\/www.campingletastesoule.fr\/en\/wp-json\/wp\/v2\/comments?post=1572"}],"version-history":[{"count":3,"href":"https:\/\/www.campingletastesoule.fr\/en\/wp-json\/wp\/v2\/pages\/1572\/revisions"}],"predecessor-version":[{"id":1575,"href":"https:\/\/www.campingletastesoule.fr\/en\/wp-json\/wp\/v2\/pages\/1572\/revisions\/1575"}],"wp:featuredmedia":[{"embeddable":true,"href":"https:\/\/www.campingletastesoule.fr\/en\/wp-json\/wp\/v2\/media\/1066"}],"wp:attachment":[{"href":"https:\/\/www.campingletastesoule.fr\/en\/wp-json\/wp\/v2\/media?parent=1572"}],"wp:term":[{"taxonomy":"sujet","embeddable":true,"href":"https:\/\/www.campingletastesoule.fr\/en\/wp-json\/wp\/v2\/sujet?post=1572"}],"curies":[{"name":"wp","href":"https:\/\/api.w.org\/{rel}","templated":true}]}}