{"id":1589,"date":"2023-09-27T11:10:42","date_gmt":"2023-09-27T09:10:42","guid":{"rendered":"https:\/\/www.campingletastesoule.fr\/tourism-vensac\/"},"modified":"2023-09-27T11:10:44","modified_gmt":"2023-09-27T09:10:44","slug":"tourism-vensac","status":"publish","type":"page","link":"https:\/\/www.campingletastesoule.fr\/en\/tourism-vensac\/","title":{"rendered":"Vensac"},"content":{"rendered":"<section id=\"ls-section-block_f376932262039901aeeb2da9e34cdab8\" class=\"ls-section  home-piscine-familial first page-one\" >\n        <div class=\"container container--full\">\n        \n\n<h1 class=\"ls__heading wp-block-heading has-text-align-center\">Discovering Vensac<\/h1>\n\n\n\n<div class=\"wp-block-columns first is-layout-flex wp-container-core-columns-is-layout-9d6595d7 wp-block-columns-is-layout-flex\">\n<div class=\"wp-block-column left is-layout-flow wp-block-column-is-layout-flow\">\n<figure class=\"wp-block-gallery has-nested-images columns-default is-cropped animated fadeInLeft delay-100ms slow wp-block-gallery-1 is-layout-flex wp-block-gallery-is-layout-flex\">\n<figure class=\"wp-block-image size-full left\"><a href=\"https:\/\/www.campingletastesoule.fr\/wp-content\/uploads\/2023\/09\/camping-en-bord-de-mer-vensac.jpg\"><img decoding=\"async\" width=\"595\" height=\"900\" data-id=\"1142\" src=\"https:\/\/www.campingletastesoule.fr\/wp-content\/uploads\/2023\/09\/camping-en-bord-de-mer-vensac.jpg\" alt=\"seaside camping vensac\" class=\"wp-image-1142\" srcset=\"https:\/\/www.campingletastesoule.fr\/wp-content\/uploads\/2023\/09\/camping-en-bord-de-mer-vensac.jpg 595w, https:\/\/www.campingletastesoule.fr\/wp-content\/uploads\/2023\/09\/camping-en-bord-de-mer-vensac-198x300.jpg 198w\" sizes=\"(max-width: 595px) 100vw, 595px\" \/><\/a><\/figure>\n\n\n\n<figure class=\"wp-block-image size-full\"><a href=\"https:\/\/www.campingletastesoule.fr\/wp-content\/uploads\/2023\/09\/balade-a-velo-dans-le-medoc.jpg\"><img decoding=\"async\" width=\"595\" height=\"900\" data-id=\"1136\" src=\"https:\/\/www.campingletastesoule.fr\/wp-content\/uploads\/2023\/09\/balade-a-velo-dans-le-medoc.jpg\" alt=\"cycling in the medoc\" class=\"wp-image-1136\" srcset=\"https:\/\/www.campingletastesoule.fr\/wp-content\/uploads\/2023\/09\/balade-a-velo-dans-le-medoc.jpg 595w, https:\/\/www.campingletastesoule.fr\/wp-content\/uploads\/2023\/09\/balade-a-velo-dans-le-medoc-198x300.jpg 198w\" sizes=\"(max-width: 595px) 100vw, 595px\" \/><\/a><\/figure>\n<\/figure>\n<\/div>\n\n\n\n<div class=\"wp-block-column is-vertically-aligned-center right is-layout-flow wp-block-column-is-layout-flow\">\n<h2 class=\"ls__heading wp-block-heading\">Vensac, between nature, vineyards, the Gironde Estuary and the Atlantic Ocean<\/h2>\n\n\n\n<p class=\"ls-paragraph\">A pleasant <strong>little village in the northern M\u00e9doc <\/strong>near the beaches of Soulac-sur-Mer and <a href=\"https:\/\/www.campingletastesoule.fr\/tourisme-montalivet\/\">Montalivet<\/a>, Vensac is never far from vineyards, forests and the ocean. It&#8217;s an ideal stopover on a bike tour.<\/p>\n\n\n\n<p class=\"ls-paragraph\">Enjoy a family outing with a<strong> visit to the Vensac mill<\/strong>, and take advantage of the <strong>night market<\/strong> to discover the<strong> delights of the M\u00e9doc<\/strong>.<\/p>\n<\/div>\n<\/div>\n\n\n    <\/div>\n<\/section><section id=\"ls-section-block_1684ef765ec2a1db0c450823616d09a4\" class=\"ls-section  page-two has-background-image has-p-t p-t-20 has-p-b p-b-20\" >\n    <div class=\"ls-section__background-image opacity-100\"><img decoding=\"async\" src=\"https:\/\/www.campingletastesoule.fr\/wp-content\/uploads\/2023\/09\/decouvrir-le-moulin-de-vensac.jpg\" alt=\"discover the moulin de vensac\"><\/div>    <div class=\"container container--full\">\n        \n\n<div class=\"wp-block-columns is-layout-flex wp-container-core-columns-is-layout-9d6595d7 wp-block-columns-is-layout-flex\">\n<div class=\"wp-block-column animated fadeInLeft is-layout-flow wp-block-column-is-layout-flow\">\n<h2 class=\"ls__heading wp-block-heading has-text-align-left\">Discover Vensac&#8217;s history and traditions&#8230;<\/h2>\n\n\n\n<h3 class=\"ls__heading wp-block-heading\">The Vensac mill, a veritable institution<\/h3>\n\n\n\n<p class=\"ls-paragraph\">Restored in the 1980s with the utmost<strong> respect for the materials used in the past<\/strong>, such as <strong>oak<\/strong> and <strong>pine<\/strong>, its authenticity and <strong>original parts<\/strong> fascinate visitors: roof framework, large cogwheel, gears, grinding wheels&#8230; and others have been rebuilt on the model of the original parts. The Moulin de Vensac is<strong>still in <\/strong>full working order, and visitors of all ages are interested in exploring it.<\/p>\n\n\n\n<h3 class=\"ls__heading wp-block-heading\">Unusual<\/h3>\n\n\n\n<p class=\"ls-paragraph\">A <strong>real local original<\/strong>, the &#8220;<strong> Mounaques<\/strong> &#8220;, which appeared in the summer of 2001, are<strong> mannequins made by the people of Vensac <\/strong>to<strong> represent the village and its local personalities<\/strong>. This tradition continues every year, from mid-June to mid-October, with a variety of often humorous themes, much to the delight of locals and visitors alike. You can admire them mainly in the <strong>central square near the church<\/strong> and in the<strong> surrounding gardens<\/strong>.<br\/>In winter, from the beginning of December to the end of January, the <strong>mounaqueurs decorate the town center with a Christmas theme<\/strong>.<\/p>\n<\/div>\n\n\n\n<div class=\"wp-block-column animated fadeInUp delay-200ms slow is-layout-flow wp-block-column-is-layout-flow\"><\/div>\n<\/div>\n\n\n    <\/div>\n<\/section><section id=\"ls-section-block_97cfb73fcc11e2bbced6c0a5b52044aa\" class=\"ls-section  home-piscine-familial first page-three\" >\n        <div class=\"container container--full\">\n        \n\n<div class=\"wp-block-columns first is-layout-flex wp-container-core-columns-is-layout-9d6595d7 wp-block-columns-is-layout-flex\">\n<div class=\"wp-block-column is-vertically-aligned-center left is-layout-flow wp-block-column-is-layout-flow\">\n<h2 class=\"ls__heading wp-block-heading\">Vensac night market<\/h2>\n\n\n\n<p class=\"ls-paragraph\">An essential part of your July\/August vacation, <strong>Vensac&#8217;s Thursday night market<\/strong> is <strong>renowned<\/strong> <strong>for<\/strong> its <strong>festive, friendly atmosphere<\/strong>. There&#8217;s little or no craftsmanship here. The watchword is <strong>tasting<\/strong>! You&#8217;ll appreciate the diversity of dishes offered by<strong> local producers<\/strong>, who&#8217;ll help you discover flavors from near and far, accompanied by a<strong> fine M\u00e9doc wine<\/strong> of course!  <\/p>\n\n\n\n<p class=\"ls-paragraph\">Take a seat at the tables in the courtyard of the old school, sample the produce bought on the premises and let yourself be carried away for an evening by the friendly atmosphere.<\/p>\n\n\n\n<p class=\"ls-paragraph\">To make sure you don&#8217;t miss any of the <strong>acoustic<\/strong> <strong>concerts<\/strong>, come as soon as they open.<\/p>\n\n\n\n<h2 class=\"ls__heading wp-block-heading\">Vensac, on the M\u00e9doc wine route<\/h2>\n\n\n\n<p class=\"ls-paragraph\">Make the most of your stay at  <a href=\"https:\/\/www.campingletastesoule.fr\/en\/\">camping Le Tastesoule<\/a>  to borrow the<strong>  route des ch\u00e2teaux<\/strong>  along the Gironde Estuary and visit the<strong>  vineyards  <\/strong>from the tip of the M\u00e9doc to the Bordeaux region, via Pauillac, Saint-Est\u00e8phe or Margaux&#8230; Red, ros\u00e9, white, from artisanal vintages to grands crus, you&#8217;re sure to find the wine that&#8217;s right for you.<br\/>You&#8217;ll be welcomed by<strong> passionate professionals<\/strong> who&#8217;ll introduce you to<strong> winegrowing culture during guided tours<\/strong> of vats and cellars, and <strong>wine tastings of their estate&#8217;s wines<\/strong>.<\/p>\n<\/div>\n\n\n\n<div class=\"wp-block-column right is-layout-flow wp-block-column-is-layout-flow\">\n<figure class=\"wp-block-gallery has-nested-images columns-default is-cropped animated fadeInRight delay-100ms slow wp-block-gallery-2 is-layout-flex wp-block-gallery-is-layout-flex\">\n<figure class=\"wp-block-image size-full\"><a href=\"https:\/\/www.campingletastesoule.fr\/wp-content\/uploads\/2023\/09\/concert-acoustique-vensac.jpg\"><img decoding=\"async\" width=\"595\" height=\"900\" data-id=\"1123\" src=\"https:\/\/www.campingletastesoule.fr\/wp-content\/uploads\/2023\/09\/concert-acoustique-vensac.jpg\" alt=\"acoustic concert vensac\" class=\"wp-image-1123\" srcset=\"https:\/\/www.campingletastesoule.fr\/wp-content\/uploads\/2023\/09\/concert-acoustique-vensac.jpg 595w, https:\/\/www.campingletastesoule.fr\/wp-content\/uploads\/2023\/09\/concert-acoustique-vensac-198x300.jpg 198w\" sizes=\"(max-width: 595px) 100vw, 595px\" \/><\/a><\/figure>\n\n\n\n<figure class=\"wp-block-image size-full right\"><a href=\"https:\/\/www.campingletastesoule.fr\/wp-content\/uploads\/2023\/09\/vignes-vensac.jpg\"><img decoding=\"async\" width=\"595\" height=\"900\" data-id=\"1125\" src=\"https:\/\/www.campingletastesoule.fr\/wp-content\/uploads\/2023\/09\/vignes-vensac.jpg\" alt=\"vensac vines\" class=\"wp-image-1125\" srcset=\"https:\/\/www.campingletastesoule.fr\/wp-content\/uploads\/2023\/09\/vignes-vensac.jpg 595w, https:\/\/www.campingletastesoule.fr\/wp-content\/uploads\/2023\/09\/vignes-vensac-198x300.jpg 198w\" sizes=\"(max-width: 595px) 100vw, 595px\" \/><\/a><\/figure>\n<\/figure>\n<\/div>\n<\/div>\n\n\n    <\/div>\n<\/section><section id=\"ls-section-block_8177e5805d675bab4f68c4a8deeb71dd\" class=\"ls-section  page-maillage\" >\n        <div class=\"container container--wide\">\n        \n\n<div id=\"ls-heading ls-titre-div-block_ec4c62d87bc0937f4403fcf6c49971f7\" class=\"ls-titre-div h2-like\" >\n    Nearby attractions<\/div>\n\n\n<div id=\"ls-maillage-block_4cc2537599b10b263836403caa83e4d1\" class=\"ls-maillage cta-style-normal\" data-rows=\"3\">\n    <div class=\"wp-block-columns\"><div class=\"wp-block-column\">\n\n<a href=\"https:\/\/www.campingletastesoule.fr\/en\/activities-in-medoc\/\" target=\"\" rel=\"noopener\" class=\"ls-cta__link\">\n\n\t<div class=\"ls-cta__image\"><img decoding=\"async\" src=\"https:\/\/www.campingletastesoule.fr\/wp-content\/uploads\/2023\/09\/estaurant-montalivet.jpg\" alt=\"restaurant montalivet\"><\/div>\n\t<div class=\"ls-cta__title\">\n\t\tGood addresses\t<\/div>\n\n\t\t\n<\/a><\/div><div class=\"wp-block-column\">\n\n<a href=\"https:\/\/www.campingletastesoule.fr\/en\/tourism-in-medoc\/\" target=\"\" rel=\"noopener\" class=\"ls-cta__link\">\n\n\t<div class=\"ls-cta__image\"><img decoding=\"async\" src=\"https:\/\/www.campingletastesoule.fr\/wp-content\/uploads\/2023\/09\/decouvrir-les-plages-du-medoc.jpg\" alt=\"discover the medoc beaches\"><\/div>\n\t<div class=\"ls-cta__title\">\n\t\tM\u00e9doc\t<\/div>\n\n\t\t\n<\/a><\/div><div class=\"wp-block-column\">\n\n<a href=\"https:\/\/www.campingletastesoule.fr\/en\/tourism-montalivet\/\" target=\"\" rel=\"noopener\" class=\"ls-cta__link\">\n\n\t<div class=\"ls-cta__image\"><img decoding=\"async\" src=\"https:\/\/www.campingletastesoule.fr\/wp-content\/uploads\/2023\/09\/les-marches-de-montalivet.jpg\" alt=\"les marches de montalivet\"><\/div>\n\t<div class=\"ls-cta__title\">\n\t\tMontalivet\t<\/div>\n\n\t\t\n<\/a><\/div><\/div><\/div>\n\n    <\/div>\n<\/section>","protected":false},"excerpt":{"rendered":"","protected":false},"author":1,"featured_media":1147,"parent":0,"menu_order":0,"comment_status":"closed","ping_status":"closed","template":"","meta":{"_acf_changed":false,"footnotes":""},"sujet":[],"class_list":["post-1589","page","type-page","status-publish","has-post-thumbnail","hentry"],"acf":[],"yoast_head":"<!-- This site is optimized with the Yoast SEO plugin v25.3 - https:\/\/yoast.com\/wordpress\/plugins\/seo\/ -->\n<title>Tourism in Vensac | Visits and activities to do in Vensac<\/title>\n<meta name=\"description\" content=\"Stroll through Vensac, a pleasant M\u00e9doc village surrounded by vineyards and pine trees.\" \/>\n<meta name=\"robots\" content=\"index, follow, max-snippet:-1, max-image-preview:large, max-video-preview:-1\" \/>\n<link rel=\"canonical\" href=\"https:\/\/www.campingletastesoule.fr\/en\/tourism-vensac\/\" \/>\n<meta property=\"og:locale\" content=\"en_US\" \/>\n<meta property=\"og:type\" content=\"article\" \/>\n<meta property=\"og:title\" content=\"Tourism in Vensac | Visits and activities to do in Vensac\" \/>\n<meta property=\"og:description\" content=\"Stroll through Vensac, a pleasant M\u00e9doc village surrounded by vineyards and pine trees.\" \/>\n<meta property=\"og:url\" content=\"https:\/\/www.campingletastesoule.fr\/en\/tourism-vensac\/\" \/>\n<meta property=\"og:site_name\" content=\"Camping Le Tastesoule\" \/>\n<meta property=\"article:modified_time\" content=\"2023-09-27T09:10:44+00:00\" \/>\n<meta property=\"og:image\" content=\"https:\/\/www.campingletastesoule.fr\/wp-content\/uploads\/2023\/09\/plage-vensac.jpg\" \/>\n\t<meta property=\"og:image:width\" content=\"1920\" \/>\n\t<meta property=\"og:image:height\" content=\"550\" \/>\n\t<meta property=\"og:image:type\" content=\"image\/jpeg\" \/>\n<meta name=\"twitter:card\" content=\"summary_large_image\" \/>\n<meta name=\"twitter:label1\" content=\"Est. reading time\" \/>\n\t<meta name=\"twitter:data1\" content=\"2 minutes\" \/>\n<script type=\"application\/ld+json\" class=\"yoast-schema-graph\">{\"@context\":\"https:\/\/schema.org\",\"@graph\":[{\"@type\":\"WebPage\",\"@id\":\"https:\/\/www.campingletastesoule.fr\/en\/tourism-vensac\/\",\"url\":\"https:\/\/www.campingletastesoule.fr\/en\/tourism-vensac\/\",\"name\":\"Tourism in Vensac | Visits and activities to do in Vensac\",\"isPartOf\":{\"@id\":\"https:\/\/www.campingletastesoule.fr\/#website\"},\"primaryImageOfPage\":{\"@id\":\"https:\/\/www.campingletastesoule.fr\/en\/tourism-vensac\/#primaryimage\"},\"image\":{\"@id\":\"https:\/\/www.campingletastesoule.fr\/en\/tourism-vensac\/#primaryimage\"},\"thumbnailUrl\":\"https:\/\/www.campingletastesoule.fr\/wp-content\/uploads\/2023\/09\/plage-vensac.jpg\",\"datePublished\":\"2023-09-27T09:10:42+00:00\",\"dateModified\":\"2023-09-27T09:10:44+00:00\",\"description\":\"Stroll through Vensac, a pleasant M\u00e9doc village surrounded by vineyards and pine trees.\",\"breadcrumb\":{\"@id\":\"https:\/\/www.campingletastesoule.fr\/en\/tourism-vensac\/#breadcrumb\"},\"inLanguage\":\"en-US\",\"potentialAction\":[{\"@type\":\"ReadAction\",\"target\":[\"https:\/\/www.campingletastesoule.fr\/en\/tourism-vensac\/\"]}]},{\"@type\":\"ImageObject\",\"inLanguage\":\"en-US\",\"@id\":\"https:\/\/www.campingletastesoule.fr\/en\/tourism-vensac\/#primaryimage\",\"url\":\"https:\/\/www.campingletastesoule.fr\/wp-content\/uploads\/2023\/09\/plage-vensac.jpg\",\"contentUrl\":\"https:\/\/www.campingletastesoule.fr\/wp-content\/uploads\/2023\/09\/plage-vensac.jpg\",\"width\":1920,\"height\":550,\"caption\":\"vensac beach\"},{\"@type\":\"BreadcrumbList\",\"@id\":\"https:\/\/www.campingletastesoule.fr\/en\/tourism-vensac\/#breadcrumb\",\"itemListElement\":[{\"@type\":\"ListItem\",\"position\":1,\"name\":\"Camping Montalivet\",\"item\":\"https:\/\/www.campingletastesoule.fr\/en\/\"},{\"@type\":\"ListItem\",\"position\":2,\"name\":\"Visit Vensac\"}]},{\"@type\":\"WebSite\",\"@id\":\"https:\/\/www.campingletastesoule.fr\/#website\",\"url\":\"https:\/\/www.campingletastesoule.fr\/\",\"name\":\"Camping Le Tastesoule\",\"description\":\"\",\"publisher\":{\"@id\":\"https:\/\/www.campingletastesoule.fr\/#organization\"},\"potentialAction\":[{\"@type\":\"SearchAction\",\"target\":{\"@type\":\"EntryPoint\",\"urlTemplate\":\"https:\/\/www.campingletastesoule.fr\/?s={search_term_string}\"},\"query-input\":{\"@type\":\"PropertyValueSpecification\",\"valueRequired\":true,\"valueName\":\"search_term_string\"}}],\"inLanguage\":\"en-US\"},{\"@type\":\"Organization\",\"@id\":\"https:\/\/www.campingletastesoule.fr\/#organization\",\"name\":\"Camping Le Tastesoule\",\"url\":\"https:\/\/www.campingletastesoule.fr\/\",\"logo\":{\"@type\":\"ImageObject\",\"inLanguage\":\"en-US\",\"@id\":\"https:\/\/www.campingletastesoule.fr\/#\/schema\/logo\/image\/\",\"url\":\"https:\/\/www.campingletastesoule.fr\/wp-content\/uploads\/2023\/08\/cropped-camping-le-tastesoule.png\",\"contentUrl\":\"https:\/\/www.campingletastesoule.fr\/wp-content\/uploads\/2023\/08\/cropped-camping-le-tastesoule.png\",\"width\":347,\"height\":246,\"caption\":\"Camping Le Tastesoule\"},\"image\":{\"@id\":\"https:\/\/www.campingletastesoule.fr\/#\/schema\/logo\/image\/\"}}]}<\/script>\n<!-- \/ Yoast SEO plugin. -->","yoast_head_json":{"title":"Tourism in Vensac | Visits and activities to do in Vensac","description":"Stroll through Vensac, a pleasant M\u00e9doc village surrounded by vineyards and pine trees.","robots":{"index":"index","follow":"follow","max-snippet":"max-snippet:-1","max-image-preview":"max-image-preview:large","max-video-preview":"max-video-preview:-1"},"canonical":"https:\/\/www.campingletastesoule.fr\/en\/tourism-vensac\/","og_locale":"en_US","og_type":"article","og_title":"Tourism in Vensac | Visits and activities to do in Vensac","og_description":"Stroll through Vensac, a pleasant M\u00e9doc village surrounded by vineyards and pine trees.","og_url":"https:\/\/www.campingletastesoule.fr\/en\/tourism-vensac\/","og_site_name":"Camping Le Tastesoule","article_modified_time":"2023-09-27T09:10:44+00:00","og_image":[{"width":1920,"height":550,"url":"https:\/\/www.campingletastesoule.fr\/wp-content\/uploads\/2023\/09\/plage-vensac.jpg","type":"image\/jpeg"}],"twitter_card":"summary_large_image","twitter_misc":{"Est. reading time":"2 minutes"},"schema":{"@context":"https:\/\/schema.org","@graph":[{"@type":"WebPage","@id":"https:\/\/www.campingletastesoule.fr\/en\/tourism-vensac\/","url":"https:\/\/www.campingletastesoule.fr\/en\/tourism-vensac\/","name":"Tourism in Vensac | Visits and activities to do in Vensac","isPartOf":{"@id":"https:\/\/www.campingletastesoule.fr\/#website"},"primaryImageOfPage":{"@id":"https:\/\/www.campingletastesoule.fr\/en\/tourism-vensac\/#primaryimage"},"image":{"@id":"https:\/\/www.campingletastesoule.fr\/en\/tourism-vensac\/#primaryimage"},"thumbnailUrl":"https:\/\/www.campingletastesoule.fr\/wp-content\/uploads\/2023\/09\/plage-vensac.jpg","datePublished":"2023-09-27T09:10:42+00:00","dateModified":"2023-09-27T09:10:44+00:00","description":"Stroll through Vensac, a pleasant M\u00e9doc village surrounded by vineyards and pine trees.","breadcrumb":{"@id":"https:\/\/www.campingletastesoule.fr\/en\/tourism-vensac\/#breadcrumb"},"inLanguage":"en-US","potentialAction":[{"@type":"ReadAction","target":["https:\/\/www.campingletastesoule.fr\/en\/tourism-vensac\/"]}]},{"@type":"ImageObject","inLanguage":"en-US","@id":"https:\/\/www.campingletastesoule.fr\/en\/tourism-vensac\/#primaryimage","url":"https:\/\/www.campingletastesoule.fr\/wp-content\/uploads\/2023\/09\/plage-vensac.jpg","contentUrl":"https:\/\/www.campingletastesoule.fr\/wp-content\/uploads\/2023\/09\/plage-vensac.jpg","width":1920,"height":550,"caption":"vensac beach"},{"@type":"BreadcrumbList","@id":"https:\/\/www.campingletastesoule.fr\/en\/tourism-vensac\/#breadcrumb","itemListElement":[{"@type":"ListItem","position":1,"name":"Camping Montalivet","item":"https:\/\/www.campingletastesoule.fr\/en\/"},{"@type":"ListItem","position":2,"name":"Visit Vensac"}]},{"@type":"WebSite","@id":"https:\/\/www.campingletastesoule.fr\/#website","url":"https:\/\/www.campingletastesoule.fr\/","name":"Camping Le Tastesoule","description":"","publisher":{"@id":"https:\/\/www.campingletastesoule.fr\/#organization"},"potentialAction":[{"@type":"SearchAction","target":{"@type":"EntryPoint","urlTemplate":"https:\/\/www.campingletastesoule.fr\/?s={search_term_string}"},"query-input":{"@type":"PropertyValueSpecification","valueRequired":true,"valueName":"search_term_string"}}],"inLanguage":"en-US"},{"@type":"Organization","@id":"https:\/\/www.campingletastesoule.fr\/#organization","name":"Camping Le Tastesoule","url":"https:\/\/www.campingletastesoule.fr\/","logo":{"@type":"ImageObject","inLanguage":"en-US","@id":"https:\/\/www.campingletastesoule.fr\/#\/schema\/logo\/image\/","url":"https:\/\/www.campingletastesoule.fr\/wp-content\/uploads\/2023\/08\/cropped-camping-le-tastesoule.png","contentUrl":"https:\/\/www.campingletastesoule.fr\/wp-content\/uploads\/2023\/08\/cropped-camping-le-tastesoule.png","width":347,"height":246,"caption":"Camping Le Tastesoule"},"image":{"@id":"https:\/\/www.campingletastesoule.fr\/#\/schema\/logo\/image\/"}}]}},"_links":{"self":[{"href":"https:\/\/www.campingletastesoule.fr\/en\/wp-json\/wp\/v2\/pages\/1589","targetHints":{"allow":["GET"]}}],"collection":[{"href":"https:\/\/www.campingletastesoule.fr\/en\/wp-json\/wp\/v2\/pages"}],"about":[{"href":"https:\/\/www.campingletastesoule.fr\/en\/wp-json\/wp\/v2\/types\/page"}],"author":[{"embeddable":true,"href":"https:\/\/www.campingletastesoule.fr\/en\/wp-json\/wp\/v2\/users\/1"}],"replies":[{"embeddable":true,"href":"https:\/\/www.campingletastesoule.fr\/en\/wp-json\/wp\/v2\/comments?post=1589"}],"version-history":[{"count":2,"href":"https:\/\/www.campingletastesoule.fr\/en\/wp-json\/wp\/v2\/pages\/1589\/revisions"}],"predecessor-version":[{"id":1591,"href":"https:\/\/www.campingletastesoule.fr\/en\/wp-json\/wp\/v2\/pages\/1589\/revisions\/1591"}],"wp:featuredmedia":[{"embeddable":true,"href":"https:\/\/www.campingletastesoule.fr\/en\/wp-json\/wp\/v2\/media\/1147"}],"wp:attachment":[{"href":"https:\/\/www.campingletastesoule.fr\/en\/wp-json\/wp\/v2\/media?parent=1589"}],"wp:term":[{"taxonomy":"sujet","embeddable":true,"href":"https:\/\/www.campingletastesoule.fr\/en\/wp-json\/wp\/v2\/sujet?post=1589"}],"curies":[{"name":"wp","href":"https:\/\/api.w.org\/{rel}","templated":true}]}}